{"id":2519,"date":"2026-03-13T12:59:13","date_gmt":"2026-03-13T12:59:13","guid":{"rendered":"https:\/\/dev.playapalmera.com\/palmito\/?page_id=2519"},"modified":"2026-03-13T13:00:23","modified_gmt":"2026-03-13T13:00:23","slug":"imprimir","status":"publish","type":"page","link":"https:\/\/playapalmera.do\/palmito\/es\/imprimir\/","title":{"rendered":"Imprimir"},"content":{"rendered":"\t\t<div data-elementor-type=\"wp-page\" data-elementor-id=\"2519\" class=\"elementor elementor-2519\">\n\t\t\t\t<div class=\"elementor-element elementor-element-b1b84b6 e-flex e-con-boxed e-con e-parent\" data-id=\"b1b84b6\" data-element_type=\"container\" data-e-type=\"container\" data-settings=\"{&quot;background_background&quot;:&quot;classic&quot;}\">\n\t\t\t\t\t<div class=\"e-con-inner\">\n\t\t<div class=\"elementor-element elementor-element-3a98992 e-con-full e-flex e-con e-child\" data-id=\"3a98992\" data-element_type=\"container\" data-e-type=\"container\">\n\t\t\t\t<div class=\"elementor-element elementor-element-626b4ec elementor-widget elementor-widget-hfe-infocard\" data-id=\"626b4ec\" data-element_type=\"widget\" data-e-type=\"widget\" data-widget_type=\"hfe-infocard.default\">\n\t\t\t\t<div class=\"elementor-widget-container\">\n\t\t\t\t\t\n\t\t<div class=\"hfe-infocard\">\n\t\t\t\t\t\t\t\t\t<div class=\"hfe-infocard-title-wrap\">\n\t\t\t\t<h1 class=\"hfe-infocard-title elementor-inline-editing\" data-elementor-setting-key=\"infocard_title\" data-elementor-inline-editing-toolbar=\"basic\" >Imprimir<\/h1>\t\t\t<\/div>\n\t\t\t\t\t\t<div class=\"hfe-infocard-text-wrap\">\n\t\t\t\t<div class=\"hfe-infocard-text elementor-inline-editing\" data-elementor-setting-key=\"infocard_description\" data-elementor-inline-editing-toolbar=\"advanced\">\n\t\t\t\t\tEn Playa Palmera Beach Resort &amp; Residential vivir\u00e1s las vacaciones m\u00e1s maravillosas de tu vida. En nuestro resort encontrar\u00e1s muchas formas c\u00f3modas de alojamiento.\t\t\t\t<\/div>\n\t\t\t\t\t\t\t<\/div>\n\t\t<\/div>\n\n\t\t\t\t\t\t<\/div>\n\t\t\t\t<\/div>\n\t\t\t\t<\/div>\n\t\t\t\t\t<\/div>\n\t\t\t\t<\/div>\n\t\t<div class=\"elementor-element elementor-element-2793540 e-flex e-con-boxed e-con e-parent\" data-id=\"2793540\" data-element_type=\"container\" data-e-type=\"container\" data-settings=\"{&quot;background_background&quot;:&quot;classic&quot;}\">\n\t\t\t\t\t<div class=\"e-con-inner\">\n\t\t<div class=\"elementor-element elementor-element-506919e e-con-full e-flex e-con e-child\" data-id=\"506919e\" data-element_type=\"container\" data-e-type=\"container\">\n\t\t\t\t<div class=\"elementor-element elementor-element-201b3ea elementor-widget elementor-widget-heading\" data-id=\"201b3ea\" data-element_type=\"widget\" data-e-type=\"widget\" data-widget_type=\"heading.default\">\n\t\t\t\t\t<h6 class=\"elementor-heading-title elementor-size-default\">PLAYA PALMERA, S.R.L., <\/h6>\t\t\t\t<\/div>\n\t\t\t\t<div class=\"elementor-element elementor-element-edcb4d3 elementor-widget elementor-widget-heading\" data-id=\"edcb4d3\" data-element_type=\"widget\" data-e-type=\"widget\" data-widget_type=\"heading.default\">\n\t\t\t\t\t<h4 class=\"elementor-heading-title elementor-size-default\">Blvrd Andi Las Vegas 1, \nUvero Alto\n23000 Punta Cana\nDominican Republic<\/h4>\t\t\t\t<\/div>\n\t\t\t\t<div class=\"elementor-element elementor-element-6c0f24d elementor-widget elementor-widget-heading\" data-id=\"6c0f24d\" data-element_type=\"widget\" data-e-type=\"widget\" data-widget_type=\"heading.default\">\n\t\t\t\t\t<h6 class=\"elementor-heading-title elementor-size-default\">Contacto<\/h6>\t\t\t\t<\/div>\n\t\t\t\t<div class=\"elementor-element elementor-element-8db7e3a elementor-widget elementor-widget-heading\" data-id=\"8db7e3a\" data-element_type=\"widget\" data-e-type=\"widget\" data-widget_type=\"heading.default\">\n\t\t\t\t\t<h4 class=\"elementor-heading-title elementor-size-default\">+1 (849) 639-8888<\/h4>\t\t\t\t<\/div>\n\t\t\t\t<div class=\"elementor-element elementor-element-5005bed elementor-widget elementor-widget-heading\" data-id=\"5005bed\" data-element_type=\"widget\" data-e-type=\"widget\" data-widget_type=\"heading.default\">\n\t\t\t\t\t<h6 class=\"elementor-heading-title elementor-size-default\">S\u00edganos<\/h6>\t\t\t\t<\/div>\n\t\t\t\t<div class=\"elementor-element elementor-element-581e817 elementor-grid-4 e-grid-align-left elementor-shape-rounded elementor-widget elementor-widget-social-icons\" data-id=\"581e817\" data-element_type=\"widget\" data-e-type=\"widget\" data-widget_type=\"social-icons.default\">\n\t\t\t\t\t\t\t<div class=\"elementor-social-icons-wrapper elementor-grid\" role=\"list\">\n\t\t\t\t\t\t\t<span class=\"elementor-grid-item\" role=\"listitem\">\n\t\t\t\t\t<a class=\"elementor-icon elementor-social-icon elementor-social-icon-instagram elementor-repeater-item-c332c44\" href=\"https:\/\/www.instagram.com\/playa.palmera\/\" target=\"_blank\">\n\t\t\t\t\t\t<span class=\"elementor-screen-only\">Instagram<\/span>\n\t\t\t\t\t\t<svg aria-hidden=\"true\" class=\"e-font-icon-svg e-fab-instagram\" viewBox=\"0 0 448 512\" xmlns=\"http:\/\/www.w3.org\/2000\/svg\"><path d=\"M224.1 141c-63.6 0-114.9 51.3-114.9 114.9s51.3 114.9 114.9 114.9S339 319.5 339 255.9 287.7 141 224.1 141zm0 189.6c-41.1 0-74.7-33.5-74.7-74.7s33.5-74.7 74.7-74.7 74.7 33.5 74.7 74.7-33.6 74.7-74.7 74.7zm146.4-194.3c0 14.9-12 26.8-26.8 26.8-14.9 0-26.8-12-26.8-26.8s12-26.8 26.8-26.8 26.8 12 26.8 26.8zm76.1 27.2c-1.7-35.9-9.9-67.7-36.2-93.9-26.2-26.2-58-34.4-93.9-36.2-37-2.1-147.9-2.1-184.9 0-35.8 1.7-67.6 9.9-93.9 36.1s-34.4 58-36.2 93.9c-2.1 37-2.1 147.9 0 184.9 1.7 35.9 9.9 67.7 36.2 93.9s58 34.4 93.9 36.2c37 2.1 147.9 2.1 184.9 0 35.9-1.7 67.7-9.9 93.9-36.2 26.2-26.2 34.4-58 36.2-93.9 2.1-37 2.1-147.8 0-184.8zM398.8 388c-7.8 19.6-22.9 34.7-42.6 42.6-29.5 11.7-99.5 9-132.1 9s-102.7 2.6-132.1-9c-19.6-7.8-34.7-22.9-42.6-42.6-11.7-29.5-9-99.5-9-132.1s-2.6-102.7 9-132.1c7.8-19.6 22.9-34.7 42.6-42.6 29.5-11.7 99.5-9 132.1-9s102.7-2.6 132.1 9c19.6 7.8 34.7 22.9 42.6 42.6 11.7 29.5 9 99.5 9 132.1s2.7 102.7-9 132.1z\"><\/path><\/svg>\t\t\t\t\t<\/a>\n\t\t\t\t<\/span>\n\t\t\t\t\t\t\t<span class=\"elementor-grid-item\" role=\"listitem\">\n\t\t\t\t\t<a class=\"elementor-icon elementor-social-icon elementor-social-icon-tripadvisor elementor-repeater-item-95d1c39\" href=\"https:\/\/www.tripadvisor.com\/Hotel_Review-g3200043-d24179999-Reviews-Playa_Palmera_Beach_Resort-Uvero_Alto_Punta_Cana_La_Altagracia_Province_Dominican_Re.html\" target=\"_blank\">\n\t\t\t\t\t\t<span class=\"elementor-screen-only\">Tripadvisor<\/span>\n\t\t\t\t\t\t<svg aria-hidden=\"true\" class=\"e-font-icon-svg e-fab-tripadvisor\" viewBox=\"0 0 576 512\" xmlns=\"http:\/\/www.w3.org\/2000\/svg\"><path d=\"M528.91,178.82,576,127.58H471.66a326.11,326.11,0,0,0-367,0H0l47.09,51.24A143.911,143.911,0,0,0,241.86,390.73L288,440.93l46.11-50.17A143.94,143.94,0,0,0,575.88,285.18h-.03A143.56,143.56,0,0,0,528.91,178.82ZM144.06,382.57a97.39,97.39,0,1,1,97.39-97.39A97.39,97.39,0,0,1,144.06,382.57ZM288,282.37c0-64.09-46.62-119.08-108.09-142.59a281,281,0,0,1,216.17,0C334.61,163.3,288,218.29,288,282.37Zm143.88,100.2h-.01a97.405,97.405,0,1,1,.01,0ZM144.06,234.12h-.01a51.06,51.06,0,1,0,51.06,51.06v-.11A51,51,0,0,0,144.06,234.12Zm287.82,0a51.06,51.06,0,1,0,51.06,51.06A51.06,51.06,0,0,0,431.88,234.12Z\"><\/path><\/svg>\t\t\t\t\t<\/a>\n\t\t\t\t<\/span>\n\t\t\t\t\t\t\t<span class=\"elementor-grid-item\" role=\"listitem\">\n\t\t\t\t\t<a class=\"elementor-icon elementor-social-icon elementor-social-icon-tiktok elementor-repeater-item-633ca60\" href=\"https:\/\/www.tiktok.com\/@playa.palmera\" target=\"_blank\">\n\t\t\t\t\t\t<span class=\"elementor-screen-only\">Tiktok<\/span>\n\t\t\t\t\t\t<svg aria-hidden=\"true\" class=\"e-font-icon-svg e-fab-tiktok\" viewBox=\"0 0 448 512\" xmlns=\"http:\/\/www.w3.org\/2000\/svg\"><path d=\"M448,209.91a210.06,210.06,0,0,1-122.77-39.25V349.38A162.55,162.55,0,1,1,185,188.31V278.2a74.62,74.62,0,1,0,52.23,71.18V0l88,0a121.18,121.18,0,0,0,1.86,22.17h0A122.18,122.18,0,0,0,381,102.39a121.43,121.43,0,0,0,67,20.14Z\"><\/path><\/svg>\t\t\t\t\t<\/a>\n\t\t\t\t<\/span>\n\t\t\t\t\t<\/div>\n\t\t\t\t\t\t<\/div>\n\t\t\t\t<\/div>\n\t\t\t\t\t<\/div>\n\t\t\t\t<\/div>\n\t\t\t\t<\/div>\n\t\t","protected":false},"excerpt":{"rendered":"<p>Imprimir En Playa Palmera Beach Resort &amp; Residential vivir\u00e1s las vacaciones m\u00e1s maravillosas de tu vida. En nuestro resort encontrar\u00e1s muchas formas c\u00f3modas de alojamiento. PLAYA PALMERA, S.R.L., Blvrd Andi Las Vegas 1, Uvero Alto 23000 Punta Cana Dominican Republic Contacto +1 (849) 639-8888 S\u00edganos Instagram Tripadvisor Tiktok<\/p>\n","protected":false},"author":1,"featured_media":0,"parent":0,"menu_order":0,"comment_status":"closed","ping_status":"closed","template":"elementor_header_footer","meta":{"_uag_custom_page_level_css":"","site-sidebar-layout":"no-sidebar","site-content-layout":"page-builder","ast-site-content-layout":"full-width-container","site-content-style":"unboxed","site-sidebar-style":"unboxed","ast-global-header-display":"","ast-banner-title-visibility":"","ast-main-header-display":"","ast-hfb-above-header-display":"","ast-hfb-below-header-display":"","ast-hfb-mobile-header-display":"","site-post-title":"","ast-breadcrumbs-content":"","ast-featured-img":"disabled","footer-sml-layout":"","ast-disable-related-posts":"","theme-transparent-header-meta":"enabled","adv-header-id-meta":"","stick-header-meta":"","header-above-stick-meta":"","header-main-stick-meta":"","header-below-stick-meta":"","astra-migrate-meta-layouts":"set","ast-page-background-enabled":"default","ast-page-background-meta":{"desktop":{"background-color":"","background-image":"","background-repeat":"repeat","background-position":"center center","background-size":"auto","background-attachment":"scroll","background-type":"","background-media":"","overlay-type":"","overlay-color":"","overlay-opacity":"","overlay-gradient":""},"tablet":{"background-color":"","background-image":"","background-repeat":"repeat","background-position":"center center","background-size":"auto","background-attachment":"scroll","background-type":"","background-media":"","overlay-type":"","overlay-color":"","overlay-opacity":"","overlay-gradient":""},"mobile":{"background-color":"","background-image":"","background-repeat":"repeat","background-position":"center center","background-size":"auto","background-attachment":"scroll","background-type":"","background-media":"","overlay-type":"","overlay-color":"","overlay-opacity":"","overlay-gradient":""}},"ast-content-background-meta":{"desktop":{"background-color":"var(--ast-global-color-5)","background-image":"","background-repeat":"repeat","background-position":"center center","background-size":"auto","background-attachment":"scroll","background-type":"","background-media":"","overlay-type":"","overlay-color":"","overlay-opacity":"","overlay-gradient":""},"tablet":{"background-color":"var(--ast-global-color-5)","background-image":"","background-repeat":"repeat","background-position":"center center","background-size":"auto","background-attachment":"scroll","background-type":"","background-media":"","overlay-type":"","overlay-color":"","overlay-opacity":"","overlay-gradient":""},"mobile":{"background-color":"var(--ast-global-color-5)","background-image":"","background-repeat":"repeat","background-position":"center center","background-size":"auto","background-attachment":"scroll","background-type":"","background-media":"","overlay-type":"","overlay-color":"","overlay-opacity":"","overlay-gradient":""}},"footnotes":""},"class_list":["post-2519","page","type-page","status-publish","hentry"],"uagb_featured_image_src":{"full":false,"thumbnail":false,"medium":false,"medium_large":false,"large":false,"1536x1536":false,"2048x2048":false},"uagb_author_info":{"display_name":"admin","author_link":"https:\/\/playapalmera.do\/palmito\/author\/admin\/"},"uagb_comment_info":0,"uagb_excerpt":"Imprimir En Playa Palmera Beach Resort &amp; Residential vivir\u00e1s las vacaciones m\u00e1s maravillosas de tu vida. En nuestro resort encontrar\u00e1s muchas formas c\u00f3modas de alojamiento. PLAYA PALMERA, S.R.L., Blvrd Andi Las Vegas 1, Uvero Alto 23000 Punta Cana Dominican Republic Contacto +1 (849) 639-8888 S\u00edganos Instagram Tripadvisor Tiktok","_links":{"self":[{"href":"https:\/\/playapalmera.do\/palmito\/wp-json\/wp\/v2\/pages\/2519","targetHints":{"allow":["GET"]}}],"collection":[{"href":"https:\/\/playapalmera.do\/palmito\/wp-json\/wp\/v2\/pages"}],"about":[{"href":"https:\/\/playapalmera.do\/palmito\/wp-json\/wp\/v2\/types\/page"}],"author":[{"embeddable":true,"href":"https:\/\/playapalmera.do\/palmito\/wp-json\/wp\/v2\/users\/1"}],"replies":[{"embeddable":true,"href":"https:\/\/playapalmera.do\/palmito\/wp-json\/wp\/v2\/comments?post=2519"}],"version-history":[{"count":4,"href":"https:\/\/playapalmera.do\/palmito\/wp-json\/wp\/v2\/pages\/2519\/revisions"}],"predecessor-version":[{"id":2523,"href":"https:\/\/playapalmera.do\/palmito\/wp-json\/wp\/v2\/pages\/2519\/revisions\/2523"}],"wp:attachment":[{"href":"https:\/\/playapalmera.do\/palmito\/wp-json\/wp\/v2\/media?parent=2519"}],"curies":[{"name":"wp","href":"https:\/\/api.w.org\/{rel}","templated":true}]}}