{"id":2067,"date":"2026-03-03T08:18:35","date_gmt":"2026-03-03T08:18:35","guid":{"rendered":"https:\/\/dev.playapalmera.com\/palmito\/?page_id=2067"},"modified":"2026-03-13T08:43:14","modified_gmt":"2026-03-13T08:43:14","slug":"es-segura-republica-dominicana-de-noche","status":"publish","type":"page","link":"https:\/\/playapalmera.do\/palmito\/es\/viajar-a-republica-dominicana\/es-segura-republica-dominicana-de-noche\/","title":{"rendered":"\u00bfEs segura la Rep\u00fablica Dominicana despu\u00e9s del anochecer?"},"content":{"rendered":"\n<div class=\"wp-block-uagb-container uagb-block-bfpy3l2q alignfull uagb-is-root-container\"><div class=\"uagb-container-inner-blocks-wrap\">\n<div class=\"wp-block-uagb-info-box uagb-block-yyws0xo8 uagb-infobox__content-wrap  uagb-infobox-icon-above-title uagb-infobox-image-valign-top\"><div class=\"uagb-ifb-content\"><div class=\"uagb-ifb-title-wrap\"><p class=\"uagb-ifb-title-prefix\">Viajar a la Rep\u00fablica Dominicana<\/p><h1 class=\"uagb-ifb-title\">\u00bfEs segura la Rep\u00fablica Dominicana despu\u00e9s del anochecer?<\/h1><\/div><\/div><\/div>\n<\/div><\/div>\n\n\n\n<div class=\"wp-block-uagb-container uagb-block-8j19narf alignfull uagb-is-root-container\"><div class=\"uagb-container-inner-blocks-wrap\">\n<div class=\"wp-block-uagb-info-box uagb-block-qdioigha uagb-infobox__content-wrap  uagb-infobox-icon-above-title uagb-infobox-image-valign-top\"><div class=\"uagb-ifb-content\"><div class=\"uagb-ifb-title-wrap\"><h2 class=\"uagb-ifb-title\">Seguridad de d\u00eda vs de noche<\/h2><\/div><p class=\"uagb-ifb-desc\">La seguridad por la noche depende en gran medida de la ubicaci\u00f3n. En zonas tur\u00edsticas y \u00e1reas de resorts, las noches suelen ser activas y generalmente seguras. Los hoteles, las zonas cercanas a la playa y las calles principales mantienen movimiento y vigilancia.<br><br>En ciudades m\u00e1s grandes como Santo Domingo o Santiago, algunos barrios deben evitarse durante la noche. Calles vac\u00edas, \u00e1reas poco iluminadas y distritos desconocidos pueden aumentar el riesgo, como ocurre en muchas ciudades del mundo.<br><br>Utilizar Uber o taxis autorizados y permanecer en zonas bien iluminadas y con actividad visible reduce significativamente cualquier riesgo potencial.<\/p><\/div><\/div>\n\n\n\n<div class=\"wp-block-uagb-image alignleft uagb-block-qgjpxugn wp-block-uagb-image--layout-default wp-block-uagb-image--effect-static wp-block-uagb-image--align-left\"><figure class=\"wp-block-uagb-image__figure\"><img loading=\"lazy\" decoding=\"async\" srcset=\"https:\/\/dev.playapalmera.com\/palmito\/wp-content\/uploads\/2026\/02\/punta-cana-night-beach.webp ,https:\/\/dev.playapalmera.com\/palmito\/wp-content\/uploads\/2026\/02\/punta-cana-night-beach.webp 780w, https:\/\/dev.playapalmera.com\/palmito\/wp-content\/uploads\/2026\/02\/punta-cana-night-beach.webp 360w\" sizes=\"auto, (max-width: 480px) 150px\" src=\"https:\/\/dev.playapalmera.com\/palmito\/wp-content\/uploads\/2026\/02\/punta-cana-night-beach.webp\" alt=\"punta cana night beach\" class=\"uag-image-1828\" width=\"564\" height=\"450\" title=\"punta cana night beach\" loading=\"lazy\" role=\"img\"\/><\/figure><\/div>\n<\/div><\/div>\n\n\n\n<div class=\"wp-block-uagb-container uagb-block-wdygvtha alignfull uagb-is-root-container\"><div class=\"uagb-container-inner-blocks-wrap\">\n<div class=\"wp-block-uagb-container uagb-block-lpztyonh\">\n<div class=\"wp-block-uagb-image alignleft uagb-block-bcym6hik wp-block-uagb-image--layout-default wp-block-uagb-image--effect-static wp-block-uagb-image--align-left\"><figure class=\"wp-block-uagb-image__figure\"><img loading=\"lazy\" decoding=\"async\" srcset=\"https:\/\/dev.playapalmera.com\/palmito\/wp-content\/uploads\/2026\/02\/punta-cana-taxi.webp ,https:\/\/dev.playapalmera.com\/palmito\/wp-content\/uploads\/2026\/02\/punta-cana-taxi.webp 780w, https:\/\/dev.playapalmera.com\/palmito\/wp-content\/uploads\/2026\/02\/punta-cana-taxi.webp 360w\" sizes=\"auto, (max-width: 480px) 150px\" src=\"https:\/\/dev.playapalmera.com\/palmito\/wp-content\/uploads\/2026\/02\/punta-cana-taxi.webp\" alt=\"punta cana taxi\" class=\"uag-image-1831\" width=\"230\" height=\"360\" title=\"punta cana taxi\" loading=\"lazy\" role=\"img\"\/><\/figure><\/div>\n\n\n\n<div class=\"wp-block-uagb-image alignleft uagb-block-wjsjvx1c wp-block-uagb-image--layout-default wp-block-uagb-image--effect-static wp-block-uagb-image--align-left\"><figure class=\"wp-block-uagb-image__figure\"><img loading=\"lazy\" decoding=\"async\" srcset=\"https:\/\/dev.playapalmera.com\/palmito\/wp-content\/uploads\/2026\/02\/punta-cana-night-walk2.webp ,https:\/\/dev.playapalmera.com\/palmito\/wp-content\/uploads\/2026\/02\/punta-cana-night-walk2.webp 780w, https:\/\/dev.playapalmera.com\/palmito\/wp-content\/uploads\/2026\/02\/punta-cana-night-walk2.webp 360w\" sizes=\"auto, (max-width: 480px) 150px\" src=\"https:\/\/dev.playapalmera.com\/palmito\/wp-content\/uploads\/2026\/02\/punta-cana-night-walk2.webp\" alt=\"punta cana night walk2\" class=\"uag-image-1830\" width=\"230\" height=\"360\" title=\"punta cana night walk2\" loading=\"lazy\" role=\"img\"\/><\/figure><\/div>\n<\/div>\n\n\n\n<div class=\"wp-block-uagb-container uagb-block-voha5vot\">\n<div class=\"wp-block-uagb-info-box uagb-block-kspxs9yc uagb-infobox__content-wrap  uagb-infobox-icon-above-title uagb-infobox-image-valign-top\"><div class=\"uagb-ifb-content\"><div class=\"uagb-ifb-title-wrap\"><h3 class=\"uagb-ifb-title\">Consejos pr\u00e1cticos de seguridad nocturna<\/h3><\/div><\/div><\/div>\n\n\n\n<div class=\"wp-block-uagb-icon-list uagb-block-zcegwubp\"><div class=\"uagb-icon-list__wrap\">\n<div class=\"wp-block-uagb-icon-list-child uagb-block-whdt6ydh\"><span class=\"uagb-icon-list__source-wrap\"><svg xmlns=\"https:\/\/www.w3.org\/2000\/svg\" viewBox=\"0 0 448 512\"><path d=\"M438.6 105.4C451.1 117.9 451.1 138.1 438.6 150.6L182.6 406.6C170.1 419.1 149.9 419.1 137.4 406.6L9.372 278.6C-3.124 266.1-3.124 245.9 9.372 233.4C21.87 220.9 42.13 220.9 54.63 233.4L159.1 338.7L393.4 105.4C405.9 92.88 426.1 92.88 438.6 105.4H438.6z\"><\/path><\/svg><\/span><span class=\"uagb-icon-list__label\">Evita caminar solo por barrios desconocidos.<\/span><\/div>\n\n\n\n<div class=\"wp-block-uagb-icon-list-child uagb-block-pjmqkwcr\"><span class=\"uagb-icon-list__source-wrap\"><svg xmlns=\"https:\/\/www.w3.org\/2000\/svg\" viewBox=\"0 0 448 512\"><path d=\"M438.6 105.4C451.1 117.9 451.1 138.1 438.6 150.6L182.6 406.6C170.1 419.1 149.9 419.1 137.4 406.6L9.372 278.6C-3.124 266.1-3.124 245.9 9.372 233.4C21.87 220.9 42.13 220.9 54.63 233.4L159.1 338.7L393.4 105.4C405.9 92.88 426.1 92.88 438.6 105.4H438.6z\"><\/path><\/svg><\/span><span class=\"uagb-icon-list__label\">No exhibas tel\u00e9fonos costosos ni joyas llamativas.<\/span><\/div>\n\n\n\n<div class=\"wp-block-uagb-icon-list-child uagb-block-ab1mpzt1\"><span class=\"uagb-icon-list__source-wrap\"><svg xmlns=\"https:\/\/www.w3.org\/2000\/svg\" viewBox=\"0 0 448 512\"><path d=\"M438.6 105.4C451.1 117.9 451.1 138.1 438.6 150.6L182.6 406.6C170.1 419.1 149.9 419.1 137.4 406.6L9.372 278.6C-3.124 266.1-3.124 245.9 9.372 233.4C21.87 220.9 42.13 220.9 54.63 233.4L159.1 338.7L393.4 105.4C405.9 92.88 426.1 92.88 438.6 105.4H438.6z\"><\/path><\/svg><\/span><span class=\"uagb-icon-list__label\">Usa aplicaciones de transporte en lugar de taxis informales en la calle.<\/span><\/div>\n\n\n\n<div class=\"wp-block-uagb-icon-list-child uagb-block-t4cmuldn\"><span class=\"uagb-icon-list__source-wrap\"><svg xmlns=\"https:\/\/www.w3.org\/2000\/svg\" viewBox=\"0 0 448 512\"><path d=\"M438.6 105.4C451.1 117.9 451.1 138.1 438.6 150.6L182.6 406.6C170.1 419.1 149.9 419.1 137.4 406.6L9.372 278.6C-3.124 266.1-3.124 245.9 9.372 233.4C21.87 220.9 42.13 220.9 54.63 233.4L159.1 338.7L393.4 105.4C405.9 92.88 426.1 92.88 438.6 105.4H438.6z\"><\/path><\/svg><\/span><span class=\"uagb-icon-list__label\">Permanece en \u00e1reas donde haya movimiento y presencia de otras personas.<\/span><\/div>\n<\/div><\/div>\n\n\n\n<p>Para la mayor\u00eda de los visitantes, las noches en la Rep\u00fablica Dominicana son agradables y relajadas, especialmente en zonas tur\u00edsticas bien establecidas. Con precauciones b\u00e1sicas, la experiencia nocturna suele ser positiva y segura.<\/p>\n<\/div>\n<\/div><\/div>\n","protected":false},"excerpt":{"rendered":"<p>Para la mayor\u00eda de los visitantes, las noches en la Rep\u00fablica Dominicana son agradables y relajadas, especialmente en zonas tur\u00edsticas bien establecidas. Con precauciones b\u00e1sicas, la experiencia nocturna suele ser positiva y segura.<\/p>\n","protected":false},"author":1,"featured_media":0,"parent":1997,"menu_order":0,"comment_status":"closed","ping_status":"closed","template":"elementor_header_footer","meta":{"_uag_custom_page_level_css":"","site-sidebar-layout":"no-sidebar","site-content-layout":"","ast-site-content-layout":"full-width-container","site-content-style":"default","site-sidebar-style":"default","ast-global-header-display":"","ast-banner-title-visibility":"","ast-main-header-display":"","ast-hfb-above-header-display":"","ast-hfb-below-header-display":"","ast-hfb-mobile-header-display":"","site-post-title":"","ast-breadcrumbs-content":"","ast-featured-img":"","footer-sml-layout":"","ast-disable-related-posts":"","theme-transparent-header-meta":"enabled","adv-header-id-meta":"","stick-header-meta":"","header-above-stick-meta":"","header-main-stick-meta":"","header-below-stick-meta":"","astra-migrate-meta-layouts":"set","ast-page-background-enabled":"default","ast-page-background-meta":{"desktop":{"background-color":"","background-image":"","background-repeat":"repeat","background-position":"center center","background-size":"auto","background-attachment":"scroll","background-type":"","background-media":"","overlay-type":"","overlay-color":"","overlay-opacity":"","overlay-gradient":""},"tablet":{"background-color":"","background-image":"","background-repeat":"repeat","background-position":"center center","background-size":"auto","background-attachment":"scroll","background-type":"","background-media":"","overlay-type":"","overlay-color":"","overlay-opacity":"","overlay-gradient":""},"mobile":{"background-color":"","background-image":"","background-repeat":"repeat","background-position":"center center","background-size":"auto","background-attachment":"scroll","background-type":"","background-media":"","overlay-type":"","overlay-color":"","overlay-opacity":"","overlay-gradient":""}},"ast-content-background-meta":{"desktop":{"background-color":"var(--ast-global-color-5)","background-image":"","background-repeat":"repeat","background-position":"center center","background-size":"auto","background-attachment":"scroll","background-type":"","background-media":"","overlay-type":"","overlay-color":"","overlay-opacity":"","overlay-gradient":""},"tablet":{"background-color":"var(--ast-global-color-5)","background-image":"","background-repeat":"repeat","background-position":"center center","background-size":"auto","background-attachment":"scroll","background-type":"","background-media":"","overlay-type":"","overlay-color":"","overlay-opacity":"","overlay-gradient":""},"mobile":{"background-color":"var(--ast-global-color-5)","background-image":"","background-repeat":"repeat","background-position":"center center","background-size":"auto","background-attachment":"scroll","background-type":"","background-media":"","overlay-type":"","overlay-color":"","overlay-opacity":"","overlay-gradient":""}},"footnotes":""},"class_list":["post-2067","page","type-page","status-publish","hentry"],"uagb_featured_image_src":{"full":false,"thumbnail":false,"medium":false,"medium_large":false,"large":false,"1536x1536":false,"2048x2048":false},"uagb_author_info":{"display_name":"admin","author_link":"https:\/\/playapalmera.do\/palmito\/author\/admin\/"},"uagb_comment_info":0,"uagb_excerpt":"Para la mayor\u00eda de los visitantes, las noches en la Rep\u00fablica Dominicana son agradables y relajadas, especialmente en zonas tur\u00edsticas bien establecidas. Con precauciones b\u00e1sicas, la experiencia nocturna suele ser positiva y segura.","_links":{"self":[{"href":"https:\/\/playapalmera.do\/palmito\/wp-json\/wp\/v2\/pages\/2067","targetHints":{"allow":["GET"]}}],"collection":[{"href":"https:\/\/playapalmera.do\/palmito\/wp-json\/wp\/v2\/pages"}],"about":[{"href":"https:\/\/playapalmera.do\/palmito\/wp-json\/wp\/v2\/types\/page"}],"author":[{"embeddable":true,"href":"https:\/\/playapalmera.do\/palmito\/wp-json\/wp\/v2\/users\/1"}],"replies":[{"embeddable":true,"href":"https:\/\/playapalmera.do\/palmito\/wp-json\/wp\/v2\/comments?post=2067"}],"version-history":[{"count":3,"href":"https:\/\/playapalmera.do\/palmito\/wp-json\/wp\/v2\/pages\/2067\/revisions"}],"predecessor-version":[{"id":2339,"href":"https:\/\/playapalmera.do\/palmito\/wp-json\/wp\/v2\/pages\/2067\/revisions\/2339"}],"up":[{"embeddable":true,"href":"https:\/\/playapalmera.do\/palmito\/wp-json\/wp\/v2\/pages\/1997"}],"wp:attachment":[{"href":"https:\/\/playapalmera.do\/palmito\/wp-json\/wp\/v2\/media?parent=2067"}],"curies":[{"name":"wp","href":"https:\/\/api.w.org\/{rel}","templated":true}]}}