{"id":2050,"date":"2026-03-02T14:23:50","date_gmt":"2026-03-02T14:23:50","guid":{"rendered":"https:\/\/dev.playapalmera.com\/palmito\/?page_id=2050"},"modified":"2026-03-13T08:43:45","modified_gmt":"2026-03-13T08:43:45","slug":"internet-en-republica-dominicana","status":"publish","type":"page","link":"https:\/\/playapalmera.do\/palmito\/es\/vivir-en-republica-dominicana\/internet-en-republica-dominicana\/","title":{"rendered":"\u00bfEs confiable el internet en la Rep\u00fablica Dominicana?"},"content":{"rendered":"\n<div class=\"wp-block-uagb-container uagb-block-bfpy3l2q alignfull uagb-is-root-container\"><div class=\"uagb-container-inner-blocks-wrap\">\n<div class=\"wp-block-uagb-info-box uagb-block-yyws0xo8 uagb-infobox__content-wrap  uagb-infobox-icon-above-title uagb-infobox-image-valign-top\"><div class=\"uagb-ifb-content\"><div class=\"uagb-ifb-title-wrap\"><p class=\"uagb-ifb-title-prefix\">Vivir en la Rep\u00fablica Dominicana<\/p><h1 class=\"uagb-ifb-title\">\u00bfEs confiable el internet en la Rep\u00fablica Dominicana?<\/h1><\/div><\/div><\/div>\n<\/div><\/div>\n\n\n\n<div class=\"wp-block-uagb-container uagb-block-3pjhcb8r alignfull uagb-is-root-container\"><div class=\"uagb-container-inner-blocks-wrap\">\n<div class=\"wp-block-uagb-info-box uagb-block-hmnxvs92 uagb-infobox__content-wrap  uagb-infobox-icon-above-title uagb-infobox-image-valign-top wp-block-uagb-info-box--has-margin\"><div class=\"uagb-infobox-margin-wrapper\"><div class=\"uagb-ifb-content\"><div class=\"uagb-ifb-title-wrap\"><h2 class=\"uagb-ifb-title\">Conectividad en las principales zonas<\/h2><\/div><p class=\"uagb-ifb-desc\">La calidad del internet en la Rep\u00fablica Dominicana depende en gran medida de la ubicaci\u00f3n. En las principales ciudades y zonas tur\u00edsticas, como Santo Domingo o Punta Cana, generalmente se encuentran conexiones estables de banda ancha.<br><br>En muchas \u00e1reas residenciales ya existe fibra \u00f3ptica, aunque la cobertura puede variar en regiones m\u00e1s rurales o alejadas. Por eso, la experiencia puede ser muy distinta seg\u00fan el lugar donde vivas.<\/p><\/div><\/div><\/div>\n<\/div><\/div>\n\n\n\n<div class=\"wp-block-uagb-container uagb-block-mj8k9hk3 alignfull uagb-is-root-container\"><div class=\"uagb-container-inner-blocks-wrap\">\n<div class=\"wp-block-uagb-image alignleft uagb-block-li4fm0xv wp-block-uagb-image--layout-default wp-block-uagb-image--effect-static wp-block-uagb-image--align-left\"><figure class=\"wp-block-uagb-image__figure\"><img loading=\"lazy\" decoding=\"async\" srcset=\"https:\/\/dev.playapalmera.com\/palmito\/wp-content\/uploads\/2026\/02\/internet-and-work-conditions-dr.webp ,https:\/\/dev.playapalmera.com\/palmito\/wp-content\/uploads\/2026\/02\/internet-and-work-conditions-dr.webp 780w, https:\/\/dev.playapalmera.com\/palmito\/wp-content\/uploads\/2026\/02\/internet-and-work-conditions-dr.webp 360w\" sizes=\"auto, (max-width: 480px) 150px\" src=\"https:\/\/dev.playapalmera.com\/palmito\/wp-content\/uploads\/2026\/02\/internet-and-work-conditions-dr.webp\" alt=\"internet and work conditions dr\" class=\"uag-image-1770\" width=\"564\" height=\"450\" title=\"internet and work conditions dr\" loading=\"lazy\" role=\"img\"\/><\/figure><\/div>\n\n\n\n<div class=\"wp-block-uagb-info-box uagb-block-x2iov6m2 uagb-infobox__content-wrap  uagb-infobox-icon-above-title uagb-infobox-image-valign-top\"><div class=\"uagb-ifb-content\"><div class=\"uagb-ifb-title-wrap\"><h2 class=\"uagb-ifb-title\">Qu\u00e9 deben revisar los trabajadores remotos<\/h2><\/div><p class=\"uagb-ifb-desc\">Antes de alquilar un alojamiento a largo plazo, es recomendable pedir una captura reciente de un test de velocidad. No basta con preguntar si hay WiFi; es importante conocer la velocidad real de descarga y subida.<br>Los planes de datos m\u00f3viles de respaldo son comunes y relativamente accesibles. Tener una tarjeta SIM local puede ser una soluci\u00f3n r\u00e1pida ante cualquier interrupci\u00f3n.<br><br>En algunas zonas pueden ocurrir cortes el\u00e9ctricos ocasionales. Por eso, contar con un inversor o sistema de respaldo de bater\u00eda puede marcar una gran diferencia para quienes trabajan en l\u00ednea.<br><br>Con una buena planificaci\u00f3n y verificaci\u00f3n previa, trabajar digitalmente desde la Rep\u00fablica Dominicana es completamente viable y cada vez m\u00e1s com\u00fan entre expatriados y n\u00f3madas digitales.<\/p><\/div><\/div>\n<\/div><\/div>\n","protected":false},"excerpt":{"rendered":"","protected":false},"author":1,"featured_media":0,"parent":1998,"menu_order":0,"comment_status":"closed","ping_status":"closed","template":"elementor_header_footer","meta":{"_uag_custom_page_level_css":"","site-sidebar-layout":"no-sidebar","site-content-layout":"","ast-site-content-layout":"full-width-container","site-content-style":"default","site-sidebar-style":"default","ast-global-header-display":"","ast-banner-title-visibility":"","ast-main-header-display":"","ast-hfb-above-header-display":"","ast-hfb-below-header-display":"","ast-hfb-mobile-header-display":"","site-post-title":"","ast-breadcrumbs-content":"","ast-featured-img":"","footer-sml-layout":"","ast-disable-related-posts":"","theme-transparent-header-meta":"enabled","adv-header-id-meta":"","stick-header-meta":"","header-above-stick-meta":"","header-main-stick-meta":"","header-below-stick-meta":"","astra-migrate-meta-layouts":"set","ast-page-background-enabled":"default","ast-page-background-meta":{"desktop":{"background-color":"","background-image":"","background-repeat":"repeat","background-position":"center center","background-size":"auto","background-attachment":"scroll","background-type":"","background-media":"","overlay-type":"","overlay-color":"","overlay-opacity":"","overlay-gradient":""},"tablet":{"background-color":"","background-image":"","background-repeat":"repeat","background-position":"center center","background-size":"auto","background-attachment":"scroll","background-type":"","background-media":"","overlay-type":"","overlay-color":"","overlay-opacity":"","overlay-gradient":""},"mobile":{"background-color":"","background-image":"","background-repeat":"repeat","background-position":"center center","background-size":"auto","background-attachment":"scroll","background-type":"","background-media":"","overlay-type":"","overlay-color":"","overlay-opacity":"","overlay-gradient":""}},"ast-content-background-meta":{"desktop":{"background-color":"var(--ast-global-color-5)","background-image":"","background-repeat":"repeat","background-position":"center center","background-size":"auto","background-attachment":"scroll","background-type":"","background-media":"","overlay-type":"","overlay-color":"","overlay-opacity":"","overlay-gradient":""},"tablet":{"background-color":"var(--ast-global-color-5)","background-image":"","background-repeat":"repeat","background-position":"center center","background-size":"auto","background-attachment":"scroll","background-type":"","background-media":"","overlay-type":"","overlay-color":"","overlay-opacity":"","overlay-gradient":""},"mobile":{"background-color":"var(--ast-global-color-5)","background-image":"","background-repeat":"repeat","background-position":"center center","background-size":"auto","background-attachment":"scroll","background-type":"","background-media":"","overlay-type":"","overlay-color":"","overlay-opacity":"","overlay-gradient":""}},"footnotes":""},"class_list":["post-2050","page","type-page","status-publish","hentry"],"uagb_featured_image_src":{"full":false,"thumbnail":false,"medium":false,"medium_large":false,"large":false,"1536x1536":false,"2048x2048":false},"uagb_author_info":{"display_name":"admin","author_link":"https:\/\/playapalmera.do\/palmito\/author\/admin\/"},"uagb_comment_info":0,"uagb_excerpt":null,"_links":{"self":[{"href":"https:\/\/playapalmera.do\/palmito\/wp-json\/wp\/v2\/pages\/2050","targetHints":{"allow":["GET"]}}],"collection":[{"href":"https:\/\/playapalmera.do\/palmito\/wp-json\/wp\/v2\/pages"}],"about":[{"href":"https:\/\/playapalmera.do\/palmito\/wp-json\/wp\/v2\/types\/page"}],"author":[{"embeddable":true,"href":"https:\/\/playapalmera.do\/palmito\/wp-json\/wp\/v2\/users\/1"}],"replies":[{"embeddable":true,"href":"https:\/\/playapalmera.do\/palmito\/wp-json\/wp\/v2\/comments?post=2050"}],"version-history":[{"count":4,"href":"https:\/\/playapalmera.do\/palmito\/wp-json\/wp\/v2\/pages\/2050\/revisions"}],"predecessor-version":[{"id":2344,"href":"https:\/\/playapalmera.do\/palmito\/wp-json\/wp\/v2\/pages\/2050\/revisions\/2344"}],"up":[{"embeddable":true,"href":"https:\/\/playapalmera.do\/palmito\/wp-json\/wp\/v2\/pages\/1998"}],"wp:attachment":[{"href":"https:\/\/playapalmera.do\/palmito\/wp-json\/wp\/v2\/media?parent=2050"}],"curies":[{"name":"wp","href":"https:\/\/api.w.org\/{rel}","templated":true}]}}