{"id":2043,"date":"2026-03-02T14:20:54","date_gmt":"2026-03-02T14:20:54","guid":{"rendered":"https:\/\/dev.playapalmera.com\/palmito\/?page_id=2043"},"modified":"2026-03-13T08:43:36","modified_gmt":"2026-03-13T08:43:36","slug":"vivir-en-punta-cana","status":"publish","type":"page","link":"https:\/\/playapalmera.do\/palmito\/es\/vivir-en-republica-dominicana\/vivir-en-punta-cana\/","title":{"rendered":"\u00bfC\u00f3mo es realmente vivir en Punta Cana?"},"content":{"rendered":"\n<div class=\"wp-block-uagb-container uagb-block-bfpy3l2q alignfull uagb-is-root-container\"><div class=\"uagb-container-inner-blocks-wrap\">\n<div class=\"wp-block-uagb-info-box uagb-block-yyws0xo8 uagb-infobox__content-wrap  uagb-infobox-icon-above-title uagb-infobox-image-valign-top\"><div class=\"uagb-ifb-content\"><div class=\"uagb-ifb-title-wrap\"><p class=\"uagb-ifb-title-prefix\">Vivir en la Rep\u00fablica Dominicana<\/p><h1 class=\"uagb-ifb-title\">\u00bfC\u00f3mo es realmente vivir en Punta Cana?<\/h1><\/div><\/div><\/div>\n<\/div><\/div>\n\n\n\n<div class=\"wp-block-uagb-container uagb-block-llisu6ve alignfull uagb-is-root-container\"><div class=\"uagb-container-inner-blocks-wrap\">\n<div class=\"wp-block-uagb-info-box uagb-block-vv6zobor uagb-infobox__content-wrap  uagb-infobox-icon-above-title uagb-infobox-image-valign-top\"><div class=\"uagb-ifb-content\"><div class=\"uagb-ifb-title-wrap\"><h2 class=\"uagb-ifb-title\">M\u00e1s que solo resorts<\/h2><\/div><p class=\"uagb-ifb-desc\">Most people associate Punta Cana only with all-inclusive rLa mayor\u00eda de las personas asocia Punta Cana \u00fanicamente con resorts todo incluido y vacaciones cortas. Sin embargo, miles de personas viven aqu\u00ed durante todo el a\u00f1o, incluidos dominicanos, expatriados y trabajadores remotos.<br><br>En comparaci\u00f3n con muchas otras zonas del pa\u00eds, Punta Cana ofrece infraestructura moderna. Hay supermercados con productos importados, cl\u00ednicas privadas, gimnasios, espacios de coworking y comunidades residenciales cerradas. Esto hace que la vida diaria sea relativamente c\u00f3moda y organizada.<\/p><\/div><\/div>\n\n\n\n<div class=\"wp-block-uagb-image alignleft uagb-block-mz6138yf wp-block-uagb-image--layout-default wp-block-uagb-image--effect-static wp-block-uagb-image--align-left\"><figure class=\"wp-block-uagb-image__figure\"><img loading=\"lazy\" decoding=\"async\" srcset=\"https:\/\/dev.playapalmera.com\/palmito\/wp-content\/uploads\/2026\/02\/dominican-republic-money.webp ,https:\/\/dev.playapalmera.com\/palmito\/wp-content\/uploads\/2026\/02\/dominican-republic-money.webp 780w, https:\/\/dev.playapalmera.com\/palmito\/wp-content\/uploads\/2026\/02\/dominican-republic-money.webp 360w\" sizes=\"auto, (max-width: 480px) 150px\" src=\"https:\/\/dev.playapalmera.com\/palmito\/wp-content\/uploads\/2026\/02\/dominican-republic-money.webp\" alt=\"dominican republic money\" class=\"uag-image-1783\" width=\"564\" height=\"450\" title=\"dominican republic money\" loading=\"lazy\" role=\"img\"\/><\/figure><\/div>\n<\/div><\/div>\n\n\n\n<div class=\"wp-block-uagb-container uagb-block-ka3xnssc alignfull uagb-is-root-container\"><div class=\"uagb-container-inner-blocks-wrap\">\n<div class=\"wp-block-uagb-container uagb-block-brgktw5c\">\n<div class=\"wp-block-uagb-info-box uagb-block-alewirkf uagb-infobox__content-wrap  uagb-infobox-icon-above-title uagb-infobox-image-valign-top\"><div class=\"uagb-ifb-content\"><div class=\"uagb-ifb-title-wrap\"><h3 class=\"uagb-ifb-title\">\u00bfD\u00f3nde vive realmente la gente?<\/h3><\/div><\/div><\/div>\n\n\n\n<p>Las opciones residenciales var\u00edan considerablemente:<\/p>\n\n\n\n<div class=\"wp-block-uagb-info-box uagb-block-idkbhoto uagb-infobox__content-wrap  uagb-infobox-icon-left uagb-infobox-left uagb-infobox-image-valign-top\"><div class=\"uagb-ifb-icon-wrap\"><div class=\"uagb-iconbox-icon-wrap uagb-infobox-shape-circle\"><svg xmlns=\"https:\/\/www.w3.org\/2000\/svg\" viewBox=\"0 0 448 512\"><path d=\"M438.6 105.4C451.1 117.9 451.1 138.1 438.6 150.6L182.6 406.6C170.1 419.1 149.9 419.1 137.4 406.6L9.372 278.6C-3.124 266.1-3.124 245.9 9.372 233.4C21.87 220.9 42.13 220.9 54.63 233.4L159.1 338.7L393.4 105.4C405.9 92.88 426.1 92.88 438.6 105.4H438.6z\"><\/path><\/svg><\/div><\/div><div class=\"uagb-ifb-content\"><div class=\"uagb-ifb-title-wrap\"><h4 class=\"uagb-ifb-title\">Residenciales cerrados:<\/h4><\/div><p class=\"uagb-ifb-desc\">Seguridad privada, piscinas y estacionamiento<br>Entre 800 y 2,000 d\u00f3lares o m\u00e1s al mes<\/p><\/div><\/div>\n\n\n\n<div class=\"wp-block-uagb-info-box uagb-block-yfx8mymv uagb-infobox__content-wrap  uagb-infobox-icon-left uagb-infobox-left uagb-infobox-image-valign-top\"><div class=\"uagb-ifb-icon-wrap\"><div class=\"uagb-iconbox-icon-wrap uagb-infobox-shape-circle\"><svg xmlns=\"https:\/\/www.w3.org\/2000\/svg\" viewBox=\"0 0 448 512\"><path d=\"M438.6 105.4C451.1 117.9 451.1 138.1 438.6 150.6L182.6 406.6C170.1 419.1 149.9 419.1 137.4 406.6L9.372 278.6C-3.124 266.1-3.124 245.9 9.372 233.4C21.87 220.9 42.13 220.9 54.63 233.4L159.1 338.7L393.4 105.4C405.9 92.88 426.1 92.88 438.6 105.4H438.6z\"><\/path><\/svg><\/div><\/div><div class=\"uagb-ifb-content\"><div class=\"uagb-ifb-title-wrap\"><h4 class=\"uagb-ifb-title\">Complejos de apartamentos cerca de la playa:<\/h4><\/div><p class=\"uagb-ifb-desc\">Distancia caminable al mar<br>Precios de alquiler m\u00e1s altos<\/p><\/div><\/div>\n\n\n\n<div class=\"wp-block-uagb-info-box uagb-block-21f1e485 uagb-infobox__content-wrap  uagb-infobox-icon-left uagb-infobox-left uagb-infobox-image-valign-top\"><div class=\"uagb-ifb-icon-wrap\"><div class=\"uagb-iconbox-icon-wrap uagb-infobox-shape-circle\"><svg xmlns=\"https:\/\/www.w3.org\/2000\/svg\" viewBox=\"0 0 448 512\"><path d=\"M438.6 105.4C451.1 117.9 451.1 138.1 438.6 150.6L182.6 406.6C170.1 419.1 149.9 419.1 137.4 406.6L9.372 278.6C-3.124 266.1-3.124 245.9 9.372 233.4C21.87 220.9 42.13 220.9 54.63 233.4L159.1 338.7L393.4 105.4C405.9 92.88 426.1 92.88 438.6 105.4H438.6z\"><\/path><\/svg><\/div><\/div><div class=\"uagb-ifb-content\"><div class=\"uagb-ifb-title-wrap\"><h4 class=\"uagb-ifb-title\">Barrios locales fuera de la zona tur\u00edstica:<\/h4><\/div><p class=\"uagb-ifb-desc\">M\u00e1s econ\u00f3micos<br>Ambiente menos internacional<\/p><\/div><\/div>\n\n\n\n<p>Muchos residentes de largo plazo eligen zonas como B\u00e1varo o Cocotal, donde existe un equilibrio entre acceso a la playa y servicios cotidianos. Vivir cerca del mar aumenta el alquiler, pero tambi\u00e9n transforma el estilo de vida \u2014 los paseos matutinos por la playa se vuelven parte de la rutina.<\/p>\n<\/div>\n<\/div><\/div>\n\n\n\n<div class=\"wp-block-uagb-container uagb-block-aex6nxu0 alignfull uagb-is-root-container\"><div class=\"uagb-container-inner-blocks-wrap\">\n<div class=\"wp-block-uagb-info-box uagb-block-ykoiowvy uagb-infobox__content-wrap  uagb-infobox-icon-above-title uagb-infobox-image-valign-top wp-block-uagb-info-box--has-margin\"><div class=\"uagb-infobox-margin-wrapper\"><div class=\"uagb-ifb-content\"><div class=\"uagb-ifb-title-wrap\"><h2 class=\"uagb-ifb-title\">Estilo de vida: ventajas y desventajas<\/h2><\/div><p class=\"uagb-ifb-desc\">Vivir en Punta Cana significa sol durante casi todo el a\u00f1o, temperaturas c\u00e1lidas y acceso inmediato a playas. El ambiente es relajado, y muchas personas eligen este lugar precisamente por su calidad de vida.<br><br>Sin embargo, no es una ciudad grande. La vida nocturna y los eventos culturales son m\u00e1s limitados en comparaci\u00f3n con Santo Domingo. Algunas personas, con el tiempo, extra\u00f1an la energ\u00eda de un entorno urbano m\u00e1s din\u00e1mico.<br><br>Para quienes trabajan en remoto, Punta Cana puede ser ideal \u2014 siempre que se confirme la calidad del internet y se elija bien el alojamiento. Con la configuraci\u00f3n adecuada, la vida diaria combina productividad y ambiente tropical de una forma que pocos lugares ofrecen.<\/p><\/div><\/div><\/div>\n<\/div><\/div>\n","protected":false},"excerpt":{"rendered":"<p>Las opciones residenciales var\u00edan considerablemente: Muchos residentes de largo plazo eligen zonas como B\u00e1varo o Cocotal, donde existe un equilibrio entre acceso a la playa y servicios cotidianos. Vivir cerca del mar aumenta el alquiler, pero tambi\u00e9n transforma el estilo de vida \u2014 los paseos matutinos por la playa se vuelven parte de la rutina.<\/p>\n","protected":false},"author":1,"featured_media":0,"parent":1998,"menu_order":0,"comment_status":"closed","ping_status":"closed","template":"elementor_header_footer","meta":{"_uag_custom_page_level_css":"","site-sidebar-layout":"no-sidebar","site-content-layout":"","ast-site-content-layout":"full-width-container","site-content-style":"default","site-sidebar-style":"default","ast-global-header-display":"","ast-banner-title-visibility":"","ast-main-header-display":"","ast-hfb-above-header-display":"","ast-hfb-below-header-display":"","ast-hfb-mobile-header-display":"","site-post-title":"","ast-breadcrumbs-content":"","ast-featured-img":"","footer-sml-layout":"","ast-disable-related-posts":"","theme-transparent-header-meta":"enabled","adv-header-id-meta":"","stick-header-meta":"","header-above-stick-meta":"","header-main-stick-meta":"","header-below-stick-meta":"","astra-migrate-meta-layouts":"set","ast-page-background-enabled":"default","ast-page-background-meta":{"desktop":{"background-color":"","background-image":"","background-repeat":"repeat","background-position":"center center","background-size":"auto","background-attachment":"scroll","background-type":"","background-media":"","overlay-type":"","overlay-color":"","overlay-opacity":"","overlay-gradient":""},"tablet":{"background-color":"","background-image":"","background-repeat":"repeat","background-position":"center center","background-size":"auto","background-attachment":"scroll","background-type":"","background-media":"","overlay-type":"","overlay-color":"","overlay-opacity":"","overlay-gradient":""},"mobile":{"background-color":"","background-image":"","background-repeat":"repeat","background-position":"center center","background-size":"auto","background-attachment":"scroll","background-type":"","background-media":"","overlay-type":"","overlay-color":"","overlay-opacity":"","overlay-gradient":""}},"ast-content-background-meta":{"desktop":{"background-color":"var(--ast-global-color-5)","background-image":"","background-repeat":"repeat","background-position":"center center","background-size":"auto","background-attachment":"scroll","background-type":"","background-media":"","overlay-type":"","overlay-color":"","overlay-opacity":"","overlay-gradient":""},"tablet":{"background-color":"var(--ast-global-color-5)","background-image":"","background-repeat":"repeat","background-position":"center center","background-size":"auto","background-attachment":"scroll","background-type":"","background-media":"","overlay-type":"","overlay-color":"","overlay-opacity":"","overlay-gradient":""},"mobile":{"background-color":"var(--ast-global-color-5)","background-image":"","background-repeat":"repeat","background-position":"center center","background-size":"auto","background-attachment":"scroll","background-type":"","background-media":"","overlay-type":"","overlay-color":"","overlay-opacity":"","overlay-gradient":""}},"footnotes":""},"class_list":["post-2043","page","type-page","status-publish","hentry"],"uagb_featured_image_src":{"full":false,"thumbnail":false,"medium":false,"medium_large":false,"large":false,"1536x1536":false,"2048x2048":false},"uagb_author_info":{"display_name":"admin","author_link":"https:\/\/playapalmera.do\/palmito\/author\/admin\/"},"uagb_comment_info":0,"uagb_excerpt":"Las opciones residenciales var\u00edan considerablemente: Muchos residentes de largo plazo eligen zonas como B\u00e1varo o Cocotal, donde existe un equilibrio entre acceso a la playa y servicios cotidianos. Vivir cerca del mar aumenta el alquiler, pero tambi\u00e9n transforma el estilo de vida \u2014 los paseos matutinos por la playa se vuelven parte de la rutina.","_links":{"self":[{"href":"https:\/\/playapalmera.do\/palmito\/wp-json\/wp\/v2\/pages\/2043","targetHints":{"allow":["GET"]}}],"collection":[{"href":"https:\/\/playapalmera.do\/palmito\/wp-json\/wp\/v2\/pages"}],"about":[{"href":"https:\/\/playapalmera.do\/palmito\/wp-json\/wp\/v2\/types\/page"}],"author":[{"embeddable":true,"href":"https:\/\/playapalmera.do\/palmito\/wp-json\/wp\/v2\/users\/1"}],"replies":[{"embeddable":true,"href":"https:\/\/playapalmera.do\/palmito\/wp-json\/wp\/v2\/comments?post=2043"}],"version-history":[{"count":4,"href":"https:\/\/playapalmera.do\/palmito\/wp-json\/wp\/v2\/pages\/2043\/revisions"}],"predecessor-version":[{"id":2342,"href":"https:\/\/playapalmera.do\/palmito\/wp-json\/wp\/v2\/pages\/2043\/revisions\/2342"}],"up":[{"embeddable":true,"href":"https:\/\/playapalmera.do\/palmito\/wp-json\/wp\/v2\/pages\/1998"}],"wp:attachment":[{"href":"https:\/\/playapalmera.do\/palmito\/wp-json\/wp\/v2\/media?parent=2043"}],"curies":[{"name":"wp","href":"https:\/\/api.w.org\/{rel}","templated":true}]}}