{"id":2040,"date":"2026-03-02T14:13:23","date_gmt":"2026-03-02T14:13:23","guid":{"rendered":"https:\/\/dev.playapalmera.com\/palmito\/?page_id=2040"},"modified":"2026-03-13T08:42:11","modified_gmt":"2026-03-13T08:42:11","slug":"que-es-mofongo-republica-dominicana","status":"publish","type":"page","link":"https:\/\/playapalmera.do\/palmito\/es\/comida-dominicana\/que-es-mofongo-republica-dominicana\/","title":{"rendered":"\u00bfQu\u00e9 es el mofongo y por qu\u00e9 es tan popular en la Rep\u00fablica Dominicana?"},"content":{"rendered":"\n<div class=\"wp-block-uagb-container uagb-block-bfpy3l2q alignfull uagb-is-root-container\"><div class=\"uagb-container-inner-blocks-wrap\">\n<div class=\"wp-block-uagb-info-box uagb-block-yyws0xo8 uagb-infobox__content-wrap  uagb-infobox-icon-above-title uagb-infobox-image-valign-top\"><div class=\"uagb-ifb-content\"><div class=\"uagb-ifb-title-wrap\"><p class=\"uagb-ifb-title-prefix\">Comida dominicana y sabores t\u00edpicos<\/p><h1 class=\"uagb-ifb-title\">\u00bfQu\u00e9 es el mofongo y por qu\u00e9 es tan popular en la Rep\u00fablica Dominicana?<\/h1><\/div><\/div><\/div>\n<\/div><\/div>\n\n\n\n<div class=\"wp-block-uagb-container uagb-block-mj8k9hk3 alignfull uagb-is-root-container\"><div class=\"uagb-container-inner-blocks-wrap\">\n<div class=\"wp-block-uagb-image alignleft uagb-block-li4fm0xv wp-block-uagb-image--layout-default wp-block-uagb-image--effect-static wp-block-uagb-image--align-left\"><figure class=\"wp-block-uagb-image__figure\"><img loading=\"lazy\" decoding=\"async\" srcset=\"https:\/\/dev.playapalmera.com\/palmito\/wp-content\/uploads\/2026\/02\/dominican-traditional-mofongo.webp ,https:\/\/dev.playapalmera.com\/palmito\/wp-content\/uploads\/2026\/02\/dominican-traditional-mofongo.webp 780w, https:\/\/dev.playapalmera.com\/palmito\/wp-content\/uploads\/2026\/02\/dominican-traditional-mofongo.webp 360w\" sizes=\"auto, (max-width: 480px) 150px\" src=\"https:\/\/dev.playapalmera.com\/palmito\/wp-content\/uploads\/2026\/02\/dominican-traditional-mofongo.webp\" alt=\"dominican traditional mofongo\" class=\"uag-image-1734\" width=\"564\" height=\"450\" title=\"dominican traditional mofongo\" loading=\"lazy\" role=\"img\"\/><\/figure><\/div>\n\n\n\n<div class=\"wp-block-uagb-info-box uagb-block-x2iov6m2 uagb-infobox__content-wrap  uagb-infobox-icon-above-title uagb-infobox-image-valign-top\"><div class=\"uagb-ifb-content\"><div class=\"uagb-ifb-title-wrap\"><h2 class=\"uagb-ifb-title\">Por qu\u00e9 muchos turistas lo prueban mal<\/h2><\/div><p class=\"uagb-ifb-desc\">Muchas personas prueban el mofongo fuera de la Rep\u00fablica Dominicana y lo encuentran seco. El paso clave est\u00e1 en a\u00f1adir aceite caliente o caldo durante el proceso de machacado.<br><br>Esto mantiene la mezcla h\u00fameda y sabrosa, en lugar de compacta y pesada.<br><br>En la Rep\u00fablica Dominicana, el mofongo suele servirse con camarones, pollo o cerdo, y a veces acompa\u00f1ado de un caldo aparte.<br><br>M\u00e1s que un simple plato, el mofongo es una comida reconfortante profundamente conectada con la tradici\u00f3n caribe\u00f1a y la identidad culinaria dominicana.<\/p><\/div><\/div>\n<\/div><\/div>\n\n\n\n<div class=\"wp-block-uagb-container uagb-block-rxu5bry3 alignfull uagb-is-root-container\"><div class=\"uagb-container-inner-blocks-wrap\">\n<div class=\"wp-block-uagb-container uagb-block-v2jdpylt\">\n<div class=\"wp-block-uagb-info-box uagb-block-dtvqjkck uagb-infobox__content-wrap  uagb-infobox-icon-above-title uagb-infobox-image-valign-top\"><div class=\"uagb-ifb-content\"><div class=\"uagb-ifb-title-wrap\"><h2 class=\"uagb-ifb-title\">Un plato cl\u00e1sico hecho con pl\u00e1tano verde<\/h2><\/div><p class=\"uagb-ifb-desc\">El mofongo es uno de los platos m\u00e1s reconocidos de la Rep\u00fablica Dominicana. Se prepara con pl\u00e1tanos verdes fritos que luego se machacan junto con ajo, sal y, en muchas versiones, carne de cerdo o mariscos.<br><br>La textura es firme pero suave cuando se prepara correctamente. Su sabor proviene de la combinaci\u00f3n del pl\u00e1tano crujiente con ingredientes salados que se integran mientras a\u00fan est\u00e1n calientes.<\/p><\/div><\/div>\n<\/div>\n\n\n\n<div class=\"wp-block-uagb-container uagb-block-ejp3fnoa\">\n<div class=\"wp-block-uagb-image alignleft uagb-block-xwypaca8 wp-block-uagb-image--layout-default wp-block-uagb-image--effect-static wp-block-uagb-image--align-left\"><figure class=\"wp-block-uagb-image__figure\"><img loading=\"lazy\" decoding=\"async\" srcset=\"https:\/\/dev.playapalmera.com\/palmito\/wp-content\/uploads\/2026\/02\/mofongo-carne-1024x683.webp ,https:\/\/dev.playapalmera.com\/palmito\/wp-content\/uploads\/2026\/02\/mofongo-carne.webp 780w, https:\/\/dev.playapalmera.com\/palmito\/wp-content\/uploads\/2026\/02\/mofongo-carne.webp 360w\" sizes=\"auto, (max-width: 480px) 150px\" src=\"https:\/\/dev.playapalmera.com\/palmito\/wp-content\/uploads\/2026\/02\/mofongo-carne-1024x683.webp\" alt=\"mofongo carne\" class=\"uag-image-1732\" width=\"270\" height=\"360\" title=\"mofongo carne\" loading=\"lazy\" role=\"img\"\/><\/figure><\/div>\n\n\n\n<div class=\"wp-block-uagb-image alignleft uagb-block-jtoltvcl wp-block-uagb-image--layout-default wp-block-uagb-image--effect-static wp-block-uagb-image--align-left\"><figure class=\"wp-block-uagb-image__figure\"><img loading=\"lazy\" decoding=\"async\" srcset=\"https:\/\/dev.playapalmera.com\/palmito\/wp-content\/uploads\/2026\/02\/mofongo-mariscos-1024x683.webp ,https:\/\/dev.playapalmera.com\/palmito\/wp-content\/uploads\/2026\/02\/mofongo-mariscos.webp 780w, https:\/\/dev.playapalmera.com\/palmito\/wp-content\/uploads\/2026\/02\/mofongo-mariscos.webp 360w\" sizes=\"auto, (max-width: 480px) 150px\" src=\"https:\/\/dev.playapalmera.com\/palmito\/wp-content\/uploads\/2026\/02\/mofongo-mariscos-1024x683.webp\" alt=\"mofongo mariscos\" class=\"uag-image-1733\" width=\"270\" height=\"360\" title=\"mofongo mariscos\" loading=\"lazy\" role=\"img\"\/><\/figure><\/div>\n<\/div>\n<\/div><\/div>\n","protected":false},"excerpt":{"rendered":"","protected":false},"author":1,"featured_media":0,"parent":1999,"menu_order":0,"comment_status":"closed","ping_status":"closed","template":"elementor_header_footer","meta":{"_uag_custom_page_level_css":"","site-sidebar-layout":"no-sidebar","site-content-layout":"","ast-site-content-layout":"full-width-container","site-content-style":"default","site-sidebar-style":"default","ast-global-header-display":"","ast-banner-title-visibility":"","ast-main-header-display":"","ast-hfb-above-header-display":"","ast-hfb-below-header-display":"","ast-hfb-mobile-header-display":"","site-post-title":"","ast-breadcrumbs-content":"","ast-featured-img":"","footer-sml-layout":"","ast-disable-related-posts":"","theme-transparent-header-meta":"enabled","adv-header-id-meta":"","stick-header-meta":"","header-above-stick-meta":"","header-main-stick-meta":"","header-below-stick-meta":"","astra-migrate-meta-layouts":"set","ast-page-background-enabled":"default","ast-page-background-meta":{"desktop":{"background-color":"","background-image":"","background-repeat":"repeat","background-position":"center center","background-size":"auto","background-attachment":"scroll","background-type":"","background-media":"","overlay-type":"","overlay-color":"","overlay-opacity":"","overlay-gradient":""},"tablet":{"background-color":"","background-image":"","background-repeat":"repeat","background-position":"center center","background-size":"auto","background-attachment":"scroll","background-type":"","background-media":"","overlay-type":"","overlay-color":"","overlay-opacity":"","overlay-gradient":""},"mobile":{"background-color":"","background-image":"","background-repeat":"repeat","background-position":"center center","background-size":"auto","background-attachment":"scroll","background-type":"","background-media":"","overlay-type":"","overlay-color":"","overlay-opacity":"","overlay-gradient":""}},"ast-content-background-meta":{"desktop":{"background-color":"var(--ast-global-color-5)","background-image":"","background-repeat":"repeat","background-position":"center center","background-size":"auto","background-attachment":"scroll","background-type":"","background-media":"","overlay-type":"","overlay-color":"","overlay-opacity":"","overlay-gradient":""},"tablet":{"background-color":"var(--ast-global-color-5)","background-image":"","background-repeat":"repeat","background-position":"center center","background-size":"auto","background-attachment":"scroll","background-type":"","background-media":"","overlay-type":"","overlay-color":"","overlay-opacity":"","overlay-gradient":""},"mobile":{"background-color":"var(--ast-global-color-5)","background-image":"","background-repeat":"repeat","background-position":"center center","background-size":"auto","background-attachment":"scroll","background-type":"","background-media":"","overlay-type":"","overlay-color":"","overlay-opacity":"","overlay-gradient":""}},"footnotes":""},"class_list":["post-2040","page","type-page","status-publish","hentry"],"uagb_featured_image_src":{"full":false,"thumbnail":false,"medium":false,"medium_large":false,"large":false,"1536x1536":false,"2048x2048":false},"uagb_author_info":{"display_name":"admin","author_link":"https:\/\/playapalmera.do\/palmito\/author\/admin\/"},"uagb_comment_info":0,"uagb_excerpt":null,"_links":{"self":[{"href":"https:\/\/playapalmera.do\/palmito\/wp-json\/wp\/v2\/pages\/2040","targetHints":{"allow":["GET"]}}],"collection":[{"href":"https:\/\/playapalmera.do\/palmito\/wp-json\/wp\/v2\/pages"}],"about":[{"href":"https:\/\/playapalmera.do\/palmito\/wp-json\/wp\/v2\/types\/page"}],"author":[{"embeddable":true,"href":"https:\/\/playapalmera.do\/palmito\/wp-json\/wp\/v2\/users\/1"}],"replies":[{"embeddable":true,"href":"https:\/\/playapalmera.do\/palmito\/wp-json\/wp\/v2\/comments?post=2040"}],"version-history":[{"count":6,"href":"https:\/\/playapalmera.do\/palmito\/wp-json\/wp\/v2\/pages\/2040\/revisions"}],"predecessor-version":[{"id":2310,"href":"https:\/\/playapalmera.do\/palmito\/wp-json\/wp\/v2\/pages\/2040\/revisions\/2310"}],"up":[{"embeddable":true,"href":"https:\/\/playapalmera.do\/palmito\/wp-json\/wp\/v2\/pages\/1999"}],"wp:attachment":[{"href":"https:\/\/playapalmera.do\/palmito\/wp-json\/wp\/v2\/media?parent=2040"}],"curies":[{"name":"wp","href":"https:\/\/api.w.org\/{rel}","templated":true}]}}