{"id":2035,"date":"2026-03-02T14:10:36","date_gmt":"2026-03-02T14:10:36","guid":{"rendered":"https:\/\/dev.playapalmera.com\/palmito\/?page_id=2035"},"modified":"2026-03-13T08:42:16","modified_gmt":"2026-03-13T08:42:16","slug":"cultura-del-cafe-dominicano","status":"publish","type":"page","link":"https:\/\/playapalmera.do\/palmito\/es\/comida-dominicana\/cultura-del-cafe-dominicano\/","title":{"rendered":"\u00bfQu\u00e9 hace \u00fanica la cultura del caf\u00e9 dominicano?"},"content":{"rendered":"\n<div class=\"wp-block-uagb-container uagb-block-bfpy3l2q alignfull uagb-is-root-container\"><div class=\"uagb-container-inner-blocks-wrap\">\n<div class=\"wp-block-uagb-info-box uagb-block-yyws0xo8 uagb-infobox__content-wrap  uagb-infobox-icon-above-title uagb-infobox-image-valign-top\"><div class=\"uagb-ifb-content\"><div class=\"uagb-ifb-title-wrap\"><p class=\"uagb-ifb-title-prefix\">Comida dominicana y sabores t\u00edpicos<\/p><h1 class=\"uagb-ifb-title\">\u00bfQu\u00e9 hace \u00fanica la cultura del caf\u00e9 dominicano?<\/h1><\/div><\/div><\/div>\n<\/div><\/div>\n\n\n\n<div class=\"wp-block-uagb-container uagb-block-c4yirnzy alignfull uagb-is-root-container\"><div class=\"uagb-container-inner-blocks-wrap\">\n<div class=\"wp-block-uagb-info-box uagb-block-29jlubsk uagb-infobox__content-wrap  uagb-infobox-icon-above-title uagb-infobox-image-valign-top\"><div class=\"uagb-ifb-content\"><div class=\"uagb-ifb-title-wrap\"><h2 class=\"uagb-ifb-title\">Fuerte, dulce y social<\/h2><\/div><p class=\"uagb-ifb-desc\">En la Rep\u00fablica Dominicana, el caf\u00e9 suele ser fuerte y se sirve endulzado. Se consume a lo largo del d\u00eda, generalmente en porciones peque\u00f1as en lugar de tazas grandes para llevar.<br><br>El caf\u00e9 no es solo una bebida, sino parte fundamental de la interacci\u00f3n social diaria. Est\u00e1 presente en reuniones informales, visitas familiares y encuentros laborales.<\/p><\/div><\/div>\n\n\n\n<div class=\"wp-block-uagb-image alignleft uagb-block-5lvubc8f wp-block-uagb-image--layout-default wp-block-uagb-image--effect-static wp-block-uagb-image--align-left\"><figure class=\"wp-block-uagb-image__figure\"><img loading=\"lazy\" decoding=\"async\" srcset=\"https:\/\/dev.playapalmera.com\/palmito\/wp-content\/uploads\/2026\/02\/dominican-coffee-man-1024x681.webp ,https:\/\/dev.playapalmera.com\/palmito\/wp-content\/uploads\/2026\/02\/dominican-coffee-man.webp 780w, https:\/\/dev.playapalmera.com\/palmito\/wp-content\/uploads\/2026\/02\/dominican-coffee-man.webp 360w\" sizes=\"auto, (max-width: 480px) 150px\" src=\"https:\/\/dev.playapalmera.com\/palmito\/wp-content\/uploads\/2026\/02\/dominican-coffee-man-1024x681.webp\" alt=\"dominican coffee man\" class=\"uag-image-1754\" width=\"564\" height=\"450\" title=\"dominican coffee man\" loading=\"lazy\" role=\"img\"\/><\/figure><\/div>\n<\/div><\/div>\n\n\n\n<div class=\"wp-block-uagb-container uagb-block-9f7woimx alignfull uagb-is-root-container\"><div class=\"uagb-container-inner-blocks-wrap\">\n<div class=\"wp-block-uagb-image alignleft uagb-block-crl2n5ca wp-block-uagb-image--layout-default wp-block-uagb-image--effect-static wp-block-uagb-image--align-left\"><figure class=\"wp-block-uagb-image__figure\"><img loading=\"lazy\" decoding=\"async\" srcset=\"https:\/\/dev.playapalmera.com\/palmito\/wp-content\/uploads\/2026\/02\/dominican-coffee-cup.webp ,https:\/\/dev.playapalmera.com\/palmito\/wp-content\/uploads\/2026\/02\/dominican-coffee-cup.webp 780w, https:\/\/dev.playapalmera.com\/palmito\/wp-content\/uploads\/2026\/02\/dominican-coffee-cup.webp 360w\" sizes=\"auto, (max-width: 480px) 150px\" src=\"https:\/\/dev.playapalmera.com\/palmito\/wp-content\/uploads\/2026\/02\/dominican-coffee-cup.webp\" alt=\"dominican coffee cup\" class=\"uag-image-1750\" width=\"564\" height=\"450\" title=\"dominican coffee cup\" loading=\"lazy\" role=\"img\"\/><\/figure><\/div>\n\n\n\n<div class=\"wp-block-uagb-info-box uagb-block-qryajt5y uagb-infobox__content-wrap  uagb-infobox-icon-above-title uagb-infobox-image-valign-top\"><div class=\"uagb-ifb-content\"><div class=\"uagb-ifb-title-wrap\"><h2 class=\"uagb-ifb-title\">M\u00e1s que una bebida<\/h2><\/div><p class=\"uagb-ifb-desc\">Ofrecer caf\u00e9 a los invitados es una se\u00f1al com\u00fan de hospitalidad. Rechazarlo puede incluso parecer inusual, ya que el caf\u00e9 simboliza bienvenida y cercan\u00eda.<br><br>Muchas conversaciones comienzan o terminan con una taza de caf\u00e9. Funciona como un momento de pausa dentro del d\u00eda.<br><br>Tanto los caf\u00e9s locales como las cocinas familiares mantienen viva esta tradici\u00f3n. La cultura del caf\u00e9 dominicano refleja calidez, rutina y conexi\u00f3n social.<\/p><\/div><\/div>\n<\/div><\/div>\n\n\n\n<div class=\"wp-block-uagb-container uagb-block-pur86gev alignfull uagb-is-root-container\"><div class=\"uagb-container-inner-blocks-wrap\">\n<div class=\"wp-block-uagb-image alignleft uagb-block-g125aydu wp-block-uagb-image--layout-default wp-block-uagb-image--effect-static wp-block-uagb-image--align-left\"><figure class=\"wp-block-uagb-image__figure\"><img loading=\"lazy\" decoding=\"async\" srcset=\"https:\/\/dev.playapalmera.com\/palmito\/wp-content\/uploads\/2026\/02\/is-dominican-republic-safe-2026-1024x681.webp ,https:\/\/dev.playapalmera.com\/palmito\/wp-content\/uploads\/2026\/02\/is-dominican-republic-safe-2026.webp 780w, https:\/\/dev.playapalmera.com\/palmito\/wp-content\/uploads\/2026\/02\/is-dominican-republic-safe-2026.webp 360w\" sizes=\"auto, (max-width: 480px) 150px\" src=\"https:\/\/dev.playapalmera.com\/palmito\/wp-content\/uploads\/2026\/02\/is-dominican-republic-safe-2026-1024x681.webp\" alt=\"is dominican republic safe 2026\" class=\"uag-image-1815\" width=\"1200\" height=\"350\" title=\"is dominican republic safe 2026\" loading=\"lazy\" role=\"img\"\/><\/figure><\/div>\n\n\n\n<div class=\"wp-block-uagb-container uagb-block-bzea8tg0\">\n<div class=\"wp-block-uagb-info-box uagb-block-vnkvijcy uagb-infobox__content-wrap  uagb-infobox-icon-above-title uagb-infobox-image-valign-top\"><div class=\"uagb-ifb-content\"><div class=\"uagb-ifb-title-wrap\"><h2 class=\"uagb-ifb-title\">El caf\u00e9 como parte del ritmo cotidiano<\/h2><\/div><\/div><\/div>\n\n\n\n<div class=\"wp-block-uagb-info-box uagb-block-vrttahcs uagb-infobox__content-wrap  uagb-infobox-icon-above-title uagb-infobox-image-valign-top\"><div class=\"uagb-ifb-content\"><div class=\"uagb-ifb-title-wrap\"><\/div><p class=\"uagb-ifb-desc\">En muchos hogares dominicanos, el d\u00eda comienza con caf\u00e9 preparado en la estufa usando una cafetera met\u00e1lica tradicional. El aroma se esparce r\u00e1pidamente por la casa, marcando el inicio de la ma\u00f1ana. A diferencia de la cultura del caf\u00e9 para llevar en otros pa\u00edses, aqu\u00ed el caf\u00e9 est\u00e1 pensado para compartirse, aunque sea por unos minutos.<br><br>A lo largo del d\u00eda, el caf\u00e9 se convierte en un puente social. Los vecinos pueden pasar por una taza r\u00e1pida, los compa\u00f1eros de trabajo hacen peque\u00f1as pausas juntos, y los caf\u00e9s de barrio funcionan como puntos de encuentro informales. Este sencillo ritual refuerza los lazos comunitarios y refleja un estilo de vida m\u00e1s pausado y centrado en las relaciones personales, que caracteriza gran parte de la cultura dominicana.<\/p><\/div><\/div>\n<\/div>\n<\/div><\/div>\n","protected":false},"excerpt":{"rendered":"","protected":false},"author":1,"featured_media":0,"parent":1999,"menu_order":0,"comment_status":"closed","ping_status":"closed","template":"elementor_header_footer","meta":{"_uag_custom_page_level_css":"","site-sidebar-layout":"no-sidebar","site-content-layout":"","ast-site-content-layout":"full-width-container","site-content-style":"default","site-sidebar-style":"default","ast-global-header-display":"","ast-banner-title-visibility":"","ast-main-header-display":"","ast-hfb-above-header-display":"","ast-hfb-below-header-display":"","ast-hfb-mobile-header-display":"","site-post-title":"","ast-breadcrumbs-content":"","ast-featured-img":"","footer-sml-layout":"","ast-disable-related-posts":"","theme-transparent-header-meta":"enabled","adv-header-id-meta":"","stick-header-meta":"","header-above-stick-meta":"","header-main-stick-meta":"","header-below-stick-meta":"","astra-migrate-meta-layouts":"set","ast-page-background-enabled":"default","ast-page-background-meta":{"desktop":{"background-color":"","background-image":"","background-repeat":"repeat","background-position":"center center","background-size":"auto","background-attachment":"scroll","background-type":"","background-media":"","overlay-type":"","overlay-color":"","overlay-opacity":"","overlay-gradient":""},"tablet":{"background-color":"","background-image":"","background-repeat":"repeat","background-position":"center center","background-size":"auto","background-attachment":"scroll","background-type":"","background-media":"","overlay-type":"","overlay-color":"","overlay-opacity":"","overlay-gradient":""},"mobile":{"background-color":"","background-image":"","background-repeat":"repeat","background-position":"center center","background-size":"auto","background-attachment":"scroll","background-type":"","background-media":"","overlay-type":"","overlay-color":"","overlay-opacity":"","overlay-gradient":""}},"ast-content-background-meta":{"desktop":{"background-color":"var(--ast-global-color-5)","background-image":"","background-repeat":"repeat","background-position":"center center","background-size":"auto","background-attachment":"scroll","background-type":"","background-media":"","overlay-type":"","overlay-color":"","overlay-opacity":"","overlay-gradient":""},"tablet":{"background-color":"var(--ast-global-color-5)","background-image":"","background-repeat":"repeat","background-position":"center center","background-size":"auto","background-attachment":"scroll","background-type":"","background-media":"","overlay-type":"","overlay-color":"","overlay-opacity":"","overlay-gradient":""},"mobile":{"background-color":"var(--ast-global-color-5)","background-image":"","background-repeat":"repeat","background-position":"center center","background-size":"auto","background-attachment":"scroll","background-type":"","background-media":"","overlay-type":"","overlay-color":"","overlay-opacity":"","overlay-gradient":""}},"footnotes":""},"class_list":["post-2035","page","type-page","status-publish","hentry"],"uagb_featured_image_src":{"full":false,"thumbnail":false,"medium":false,"medium_large":false,"large":false,"1536x1536":false,"2048x2048":false},"uagb_author_info":{"display_name":"admin","author_link":"https:\/\/playapalmera.do\/palmito\/author\/admin\/"},"uagb_comment_info":0,"uagb_excerpt":null,"_links":{"self":[{"href":"https:\/\/playapalmera.do\/palmito\/wp-json\/wp\/v2\/pages\/2035","targetHints":{"allow":["GET"]}}],"collection":[{"href":"https:\/\/playapalmera.do\/palmito\/wp-json\/wp\/v2\/pages"}],"about":[{"href":"https:\/\/playapalmera.do\/palmito\/wp-json\/wp\/v2\/types\/page"}],"author":[{"embeddable":true,"href":"https:\/\/playapalmera.do\/palmito\/wp-json\/wp\/v2\/users\/1"}],"replies":[{"embeddable":true,"href":"https:\/\/playapalmera.do\/palmito\/wp-json\/wp\/v2\/comments?post=2035"}],"version-history":[{"count":5,"href":"https:\/\/playapalmera.do\/palmito\/wp-json\/wp\/v2\/pages\/2035\/revisions"}],"predecessor-version":[{"id":2312,"href":"https:\/\/playapalmera.do\/palmito\/wp-json\/wp\/v2\/pages\/2035\/revisions\/2312"}],"up":[{"embeddable":true,"href":"https:\/\/playapalmera.do\/palmito\/wp-json\/wp\/v2\/pages\/1999"}],"wp:attachment":[{"href":"https:\/\/playapalmera.do\/palmito\/wp-json\/wp\/v2\/media?parent=2035"}],"curies":[{"name":"wp","href":"https:\/\/api.w.org\/{rel}","templated":true}]}}