{"id":2021,"date":"2026-03-02T13:59:22","date_gmt":"2026-03-02T13:59:22","guid":{"rendered":"https:\/\/dev.playapalmera.com\/palmito\/?page_id=2021"},"modified":"2026-03-13T08:42:41","modified_gmt":"2026-03-13T08:42:41","slug":"significado-colores-bandera-republica-dominicana","status":"publish","type":"page","link":"https:\/\/playapalmera.do\/palmito\/es\/cultura-republica-dominicana\/significado-colores-bandera-republica-dominicana\/","title":{"rendered":"\u00bfQu\u00e9 significan los colores de la bandera de la Rep\u00fablica Dominicana?"},"content":{"rendered":"\n<div class=\"wp-block-uagb-container uagb-block-bfpy3l2q alignfull uagb-is-root-container\"><div class=\"uagb-container-inner-blocks-wrap\">\n<div class=\"wp-block-uagb-info-box uagb-block-yyws0xo8 uagb-infobox__content-wrap  uagb-infobox-icon-above-title uagb-infobox-image-valign-top\"><div class=\"uagb-ifb-content\"><div class=\"uagb-ifb-title-wrap\"><p class=\"uagb-ifb-title-prefix\">Cultura dominicana<\/p><h1 class=\"uagb-ifb-title\">\u00bfQu\u00e9 significan los colores de la bandera de la Rep\u00fablica Dominicana?<\/h1><\/div><\/div><\/div>\n<\/div><\/div>\n\n\n\n<div class=\"wp-block-uagb-container uagb-block-3pjhcb8r alignfull uagb-is-root-container\"><div class=\"uagb-container-inner-blocks-wrap\">\n<div class=\"wp-block-uagb-info-box uagb-block-hmnxvs92 uagb-infobox__content-wrap  uagb-infobox-icon-above-title uagb-infobox-image-valign-top wp-block-uagb-info-box--has-margin\"><div class=\"uagb-infobox-margin-wrapper\"><div class=\"uagb-ifb-content\"><div class=\"uagb-ifb-title-wrap\"><h2 class=\"uagb-ifb-title\">Acerca de nuestra empresa y nuestra gente<\/h2><\/div><p class=\"uagb-ifb-desc\">Creemos que todos tienen el potencial de alcanzar la grandeza y cumplir sus sue\u00f1os. Por eso, nos comprometemos a brindar soluciones innovadoras y servicios excepcionales que empoderen a las personas a superar obst\u00e1culos y convertir sus aspiraciones en realidad. <br><br>Con un fuerte enfoque en la satisfacci\u00f3n del cliente y un equipo de profesionales experimentados, nos esforzamos por ofrecer resultados inigualables y generar un impacto positivo en la vida de nuestros clientes. \u00danase a nosotros en este viaje de empoderamiento y perm\u00edtanos ayudarle a hacer realidad sus sue\u00f1os.<\/p><\/div><\/div><\/div>\n<\/div><\/div>\n\n\n\n<div class=\"wp-block-uagb-container uagb-block-mj8k9hk3 alignfull uagb-is-root-container\"><div class=\"uagb-container-inner-blocks-wrap\">\n<div class=\"wp-block-uagb-image alignleft uagb-block-li4fm0xv wp-block-uagb-image--layout-default wp-block-uagb-image--effect-static wp-block-uagb-image--align-left\"><figure class=\"wp-block-uagb-image__figure\"><img loading=\"lazy\" decoding=\"async\" srcset=\"https:\/\/dev.playapalmera.com\/palmito\/wp-content\/uploads\/2026\/02\/dominican-republic-flag-colors-meaning.webp ,https:\/\/dev.playapalmera.com\/palmito\/wp-content\/uploads\/2026\/02\/dominican-republic-flag-colors-meaning.webp 780w, https:\/\/dev.playapalmera.com\/palmito\/wp-content\/uploads\/2026\/02\/dominican-republic-flag-colors-meaning.webp 360w\" sizes=\"auto, (max-width: 480px) 150px\" src=\"https:\/\/dev.playapalmera.com\/palmito\/wp-content\/uploads\/2026\/02\/dominican-republic-flag-colors-meaning.webp\" alt=\"dominican republic flag colors meaning\" class=\"uag-image-1537\" width=\"564\" height=\"450\" title=\"dominican republic flag colors meaning\" loading=\"lazy\" role=\"img\"\/><\/figure><\/div>\n\n\n\n<div class=\"wp-block-uagb-info-box uagb-block-x2iov6m2 uagb-infobox__content-wrap  uagb-infobox-icon-above-title uagb-infobox-image-valign-top\"><div class=\"uagb-ifb-content\"><div class=\"uagb-ifb-title-wrap\"><h2 class=\"uagb-ifb-title\">El simbolismo del rojo, azul y blanco<\/h2><\/div><p class=\"uagb-ifb-desc\">El rojo simboliza la sangre derramada por quienes lucharon por la independencia. Representa el sacrificio y el valor durante la lucha por la soberan\u00eda nacional en el siglo XIX. Este elemento recuerda a los dominicanos el precio que se pag\u00f3 por la libertad.<br><br>El azul representa la libertad y la protecci\u00f3n divina. Refleja la importancia de la fe y la gu\u00eda espiritual a lo largo de la historia dominicana. La presencia del azul transmite esperanza y direcci\u00f3n moral.<br><br>El blanco simboliza la paz y la unidad del pueblo dominicano. Representa la armon\u00eda dentro de la naci\u00f3n a pesar de los desaf\u00edos y conflictos hist\u00f3ricos. Estos tres colores, en conjunto, forman una de las banderas con mayor significado en el Caribe.<\/p><\/div><\/div>\n<\/div><\/div>\n","protected":false},"excerpt":{"rendered":"","protected":false},"author":1,"featured_media":0,"parent":1996,"menu_order":0,"comment_status":"closed","ping_status":"closed","template":"elementor_header_footer","meta":{"_uag_custom_page_level_css":"","site-sidebar-layout":"no-sidebar","site-content-layout":"","ast-site-content-layout":"full-width-container","site-content-style":"default","site-sidebar-style":"default","ast-global-header-display":"","ast-banner-title-visibility":"","ast-main-header-display":"","ast-hfb-above-header-display":"","ast-hfb-below-header-display":"","ast-hfb-mobile-header-display":"","site-post-title":"","ast-breadcrumbs-content":"","ast-featured-img":"","footer-sml-layout":"","ast-disable-related-posts":"","theme-transparent-header-meta":"enabled","adv-header-id-meta":"","stick-header-meta":"","header-above-stick-meta":"","header-main-stick-meta":"","header-below-stick-meta":"","astra-migrate-meta-layouts":"set","ast-page-background-enabled":"default","ast-page-background-meta":{"desktop":{"background-color":"","background-image":"","background-repeat":"repeat","background-position":"center center","background-size":"auto","background-attachment":"scroll","background-type":"","background-media":"","overlay-type":"","overlay-color":"","overlay-opacity":"","overlay-gradient":""},"tablet":{"background-color":"","background-image":"","background-repeat":"repeat","background-position":"center center","background-size":"auto","background-attachment":"scroll","background-type":"","background-media":"","overlay-type":"","overlay-color":"","overlay-opacity":"","overlay-gradient":""},"mobile":{"background-color":"","background-image":"","background-repeat":"repeat","background-position":"center center","background-size":"auto","background-attachment":"scroll","background-type":"","background-media":"","overlay-type":"","overlay-color":"","overlay-opacity":"","overlay-gradient":""}},"ast-content-background-meta":{"desktop":{"background-color":"var(--ast-global-color-5)","background-image":"","background-repeat":"repeat","background-position":"center center","background-size":"auto","background-attachment":"scroll","background-type":"","background-media":"","overlay-type":"","overlay-color":"","overlay-opacity":"","overlay-gradient":""},"tablet":{"background-color":"var(--ast-global-color-5)","background-image":"","background-repeat":"repeat","background-position":"center center","background-size":"auto","background-attachment":"scroll","background-type":"","background-media":"","overlay-type":"","overlay-color":"","overlay-opacity":"","overlay-gradient":""},"mobile":{"background-color":"var(--ast-global-color-5)","background-image":"","background-repeat":"repeat","background-position":"center center","background-size":"auto","background-attachment":"scroll","background-type":"","background-media":"","overlay-type":"","overlay-color":"","overlay-opacity":"","overlay-gradient":""}},"footnotes":""},"class_list":["post-2021","page","type-page","status-publish","hentry"],"uagb_featured_image_src":{"full":false,"thumbnail":false,"medium":false,"medium_large":false,"large":false,"1536x1536":false,"2048x2048":false},"uagb_author_info":{"display_name":"admin","author_link":"https:\/\/playapalmera.do\/palmito\/author\/admin\/"},"uagb_comment_info":0,"uagb_excerpt":null,"_links":{"self":[{"href":"https:\/\/playapalmera.do\/palmito\/wp-json\/wp\/v2\/pages\/2021","targetHints":{"allow":["GET"]}}],"collection":[{"href":"https:\/\/playapalmera.do\/palmito\/wp-json\/wp\/v2\/pages"}],"about":[{"href":"https:\/\/playapalmera.do\/palmito\/wp-json\/wp\/v2\/types\/page"}],"author":[{"embeddable":true,"href":"https:\/\/playapalmera.do\/palmito\/wp-json\/wp\/v2\/users\/1"}],"replies":[{"embeddable":true,"href":"https:\/\/playapalmera.do\/palmito\/wp-json\/wp\/v2\/comments?post=2021"}],"version-history":[{"count":3,"href":"https:\/\/playapalmera.do\/palmito\/wp-json\/wp\/v2\/pages\/2021\/revisions"}],"predecessor-version":[{"id":2316,"href":"https:\/\/playapalmera.do\/palmito\/wp-json\/wp\/v2\/pages\/2021\/revisions\/2316"}],"up":[{"embeddable":true,"href":"https:\/\/playapalmera.do\/palmito\/wp-json\/wp\/v2\/pages\/1996"}],"wp:attachment":[{"href":"https:\/\/playapalmera.do\/palmito\/wp-json\/wp\/v2\/media?parent=2021"}],"curies":[{"name":"wp","href":"https:\/\/api.w.org\/{rel}","templated":true}]}}