{"id":1998,"date":"2026-03-02T11:34:10","date_gmt":"2026-03-02T11:34:10","guid":{"rendered":"https:\/\/dev.playapalmera.com\/palmito\/?page_id=1998"},"modified":"2026-03-16T09:26:22","modified_gmt":"2026-03-16T09:26:22","slug":"vivir-en-republica-dominicana","status":"publish","type":"page","link":"https:\/\/playapalmera.do\/palmito\/es\/vivir-en-republica-dominicana\/","title":{"rendered":"Vivir en la Rep\u00fablica Dominicana: Lo Que Debes Saber"},"content":{"rendered":"\t\t<div data-elementor-type=\"wp-page\" data-elementor-id=\"1998\" class=\"elementor elementor-1998\">\n\t\t\t\t<div class=\"elementor-element elementor-element-7ba4c60 e-flex e-con-boxed e-con e-parent\" data-id=\"7ba4c60\" data-element_type=\"container\" data-e-type=\"container\" data-settings=\"{&quot;background_background&quot;:&quot;classic&quot;}\">\n\t\t\t\t\t<div class=\"e-con-inner\">\n\t\t<div class=\"elementor-element elementor-element-4c9089b e-con-full e-flex e-con e-child\" data-id=\"4c9089b\" data-element_type=\"container\" data-e-type=\"container\">\n\t\t\t\t<div class=\"elementor-element elementor-element-06d36b9 elementor-widget elementor-widget-hfe-infocard\" data-id=\"06d36b9\" data-element_type=\"widget\" data-e-type=\"widget\" data-widget_type=\"hfe-infocard.default\">\n\t\t\t\t<div class=\"elementor-widget-container\">\n\t\t\t\t\t\n\t\t<div class=\"hfe-infocard\">\n\t\t\t\t\t\t\t\t\t<div class=\"hfe-infocard-title-wrap\">\n\t\t\t\t<h1 class=\"hfe-infocard-title elementor-inline-editing\" data-elementor-setting-key=\"infocard_title\" data-elementor-inline-editing-toolbar=\"basic\" >Vivir en la Rep\u00fablica Dominicana<\/h1>\t\t\t<\/div>\n\t\t\t\t\t\t<div class=\"hfe-infocard-text-wrap\">\n\t\t\t\t<div class=\"hfe-infocard-text elementor-inline-editing\" data-elementor-setting-key=\"infocard_description\" data-elementor-inline-editing-toolbar=\"advanced\">\n\t\t\t\t\t\u00bfEst\u00e1s pensando en quedarte m\u00e1s tiempo que solo unas vacaciones? Descubre c\u00f3mo es la vida cotidiana, desde el costo de vida y la vivienda hasta el estilo de vida, el trabajo y las rutinas locales en la isla.\t\t\t\t<\/div>\n\t\t\t\t\t\t\t<\/div>\n\t\t<\/div>\n\n\t\t\t\t\t\t<\/div>\n\t\t\t\t<\/div>\n\t\t\t\t<\/div>\n\t\t\t\t\t<\/div>\n\t\t\t\t<\/div>\n\t\t<div class=\"elementor-element elementor-element-54e72b5 e-flex e-con-boxed e-con e-parent\" data-id=\"54e72b5\" data-element_type=\"container\" data-e-type=\"container\" data-settings=\"{&quot;background_background&quot;:&quot;classic&quot;}\">\n\t\t\t\t\t<div class=\"e-con-inner\">\n\t\t<div class=\"elementor-element elementor-element-23942e0 e-con-full e-flex e-con e-child\" data-id=\"23942e0\" data-element_type=\"container\" data-e-type=\"container\">\n\t\t<div class=\"elementor-element elementor-element-8bdc237 e-flex e-con-boxed e-con e-child\" data-id=\"8bdc237\" data-element_type=\"container\" data-e-type=\"container\">\n\t\t\t\t\t<div class=\"e-con-inner\">\n\t\t\t\t<div class=\"elementor-element elementor-element-bb3ad55 elementor-widget__width-initial elementor-widget-tablet__width-initial elementor-widget-mobile__width-inherit elementor-widget elementor-widget-image-box\" data-id=\"bb3ad55\" data-element_type=\"widget\" data-e-type=\"widget\" data-widget_type=\"image-box.default\">\n\t\t\t\t\t<div class=\"elementor-image-box-wrapper\"><div class=\"elementor-image-box-content\"><h2 class=\"elementor-image-box-title\">Qu\u00e9 Saber Antes de Mudarte<\/h2><p class=\"elementor-image-box-description\">Explora las realidades pr\u00e1cticas, las oportunidades y los desaf\u00edos de construir una vida en la Rep\u00fablica Dominicana.<\/p><\/div><\/div>\t\t\t\t<\/div>\n\t\t\t\t\t<\/div>\n\t\t\t\t<\/div>\n\t\t<div class=\"elementor-element elementor-element-fc3bdc9 e-con-full e-flex e-con e-child\" data-id=\"fc3bdc9\" data-element_type=\"container\" data-e-type=\"container\">\n\t\t<div class=\"elementor-element elementor-element-4481d80 e-con-full e-flex e-con e-child\" data-id=\"4481d80\" data-element_type=\"container\" data-e-type=\"container\">\n\t\t\t\t<div class=\"elementor-element elementor-element-ad713a4 elementor-widget elementor-widget-image\" data-id=\"ad713a4\" data-element_type=\"widget\" data-e-type=\"widget\" data-widget_type=\"image.default\">\n\t\t\t\t\t\t\t\t\t\t\t\t\t\t\t\t<a href=\"\/palmito\/es\/vivir-en-republica-dominicana\/vivir-en-punta-cana\">\n\t\t\t\t\t\t\t<img fetchpriority=\"high\" decoding=\"async\" width=\"564\" height=\"450\" src=\"https:\/\/playapalmera.do\/palmito\/wp-content\/uploads\/2026\/02\/living-in-punta-cana.webp\" class=\"attachment-full size-full wp-image-1859\" alt=\"living in punta cana\" srcset=\"https:\/\/playapalmera.do\/palmito\/wp-content\/uploads\/2026\/02\/living-in-punta-cana.webp 564w, https:\/\/playapalmera.do\/palmito\/wp-content\/uploads\/2026\/02\/living-in-punta-cana-300x239.webp 300w\" sizes=\"(max-width: 564px) 100vw, 564px\" title=\"Vivir en la Rep\u00fablica Dominicana: Lo Que Debes Saber\">\t\t\t\t\t\t\t\t<\/a>\n\t\t\t\t\t\t\t\t\t\t\t\t\t\t\t<\/div>\n\t\t\t\t<div class=\"elementor-element elementor-element-f849051 elementor-widget elementor-widget-image-box\" data-id=\"f849051\" data-element_type=\"widget\" data-e-type=\"widget\" data-widget_type=\"image-box.default\">\n\t\t\t\t\t<div class=\"elementor-image-box-wrapper\"><div class=\"elementor-image-box-content\"><h3 class=\"elementor-image-box-title\"><a href=\"\/palmito\/es\/vivir-en-republica-dominicana\/vivir-en-punta-cana\">\u00bfC\u00f3mo Es Realmente Vivir en Punta Cana?<\/a><\/h3><p class=\"elementor-image-box-description\">\n\n<\/p><\/div><\/div>\t\t\t\t<\/div>\n\t\t\t\t<div class=\"elementor-element elementor-element-60b399d elementor-widget elementor-widget-button\" data-id=\"60b399d\" data-element_type=\"widget\" data-e-type=\"widget\" data-widget_type=\"button.default\">\n\t\t\t\t\t\t\t\t\t\t<a class=\"elementor-button elementor-button-link elementor-size-sm\" href=\"\/palmito\/es\/vivir-en-punta-cana\">\n\t\t\t\t\t\t<span class=\"elementor-button-content-wrapper\">\n\t\t\t\t\t\t\t\t\t<span class=\"elementor-button-text\">Leer m\u00e1s<\/span>\n\t\t\t\t\t<\/span>\n\t\t\t\t\t<\/a>\n\t\t\t\t\t\t\t\t<\/div>\n\t\t\t\t<\/div>\n\t\t<div class=\"elementor-element elementor-element-53badc2 e-con-full e-flex e-con e-child\" data-id=\"53badc2\" data-element_type=\"container\" data-e-type=\"container\">\n\t\t\t\t<div class=\"elementor-element elementor-element-f0deddf elementor-widget elementor-widget-image\" data-id=\"f0deddf\" data-element_type=\"widget\" data-e-type=\"widget\" data-widget_type=\"image.default\">\n\t\t\t\t\t\t\t\t\t\t\t\t\t\t\t\t<a href=\"\/palmito\/es\/vivir-en-republica-dominicana\/trabajar-remoto-en-republica-dominicana\">\n\t\t\t\t\t\t\t<img decoding=\"async\" width=\"564\" height=\"450\" src=\"https:\/\/playapalmera.do\/palmito\/wp-content\/uploads\/2026\/02\/internet-and-work-conditions-dr.webp\" class=\"attachment-full size-full wp-image-1770\" alt=\"internet and work conditions dr\" srcset=\"https:\/\/playapalmera.do\/palmito\/wp-content\/uploads\/2026\/02\/internet-and-work-conditions-dr.webp 564w, https:\/\/playapalmera.do\/palmito\/wp-content\/uploads\/2026\/02\/internet-and-work-conditions-dr-300x239.webp 300w\" sizes=\"(max-width: 564px) 100vw, 564px\" title=\"Vivir en la Rep\u00fablica Dominicana: Lo Que Debes Saber\">\t\t\t\t\t\t\t\t<\/a>\n\t\t\t\t\t\t\t\t\t\t\t\t\t\t\t<\/div>\n\t\t\t\t<div class=\"elementor-element elementor-element-9f2d93f elementor-widget elementor-widget-image-box\" data-id=\"9f2d93f\" data-element_type=\"widget\" data-e-type=\"widget\" data-widget_type=\"image-box.default\">\n\t\t\t\t\t<div class=\"elementor-image-box-wrapper\"><div class=\"elementor-image-box-content\"><h3 class=\"elementor-image-box-title\"><a href=\"\/palmito\/es\/vivir-en-republica-dominicana\/trabajar-remoto-en-republica-dominicana\">\u00bfC\u00f3mo Es Trabajar en Remoto desde la Rep\u00fablica Dominicana?<\/a><\/h3><p class=\"elementor-image-box-description\">\n<\/p><\/div><\/div>\t\t\t\t<\/div>\n\t\t\t\t<div class=\"elementor-element elementor-element-97f1ac3 elementor-widget elementor-widget-button\" data-id=\"97f1ac3\" data-element_type=\"widget\" data-e-type=\"widget\" data-widget_type=\"button.default\">\n\t\t\t\t\t\t\t\t\t\t<a class=\"elementor-button elementor-button-link elementor-size-sm\" href=\"\/palmito\/es\/vivir-en-republica-dominicana\/trabajar-remoto-en-republica-dominicana\">\n\t\t\t\t\t\t<span class=\"elementor-button-content-wrapper\">\n\t\t\t\t\t\t\t\t\t<span class=\"elementor-button-text\">Leer m\u00e1s<\/span>\n\t\t\t\t\t<\/span>\n\t\t\t\t\t<\/a>\n\t\t\t\t\t\t\t\t<\/div>\n\t\t\t\t<\/div>\n\t\t\t\t<\/div>\n\t\t\t\t<\/div>\n\t\t\t\t\t<\/div>\n\t\t\t\t<\/div>\n\t\t\t\t<\/div>\n\t\t","protected":false},"excerpt":{"rendered":"<p>Vivir en la Rep\u00fablica Dominicana \u00bfEst\u00e1s pensando en quedarte m\u00e1s tiempo que solo unas vacaciones? Descubre c\u00f3mo es la vida cotidiana, desde el costo de vida y la vivienda hasta el estilo de vida, el trabajo y las rutinas locales en la isla. Qu\u00e9 Saber Antes de Mudarte Explora las realidades pr\u00e1cticas, las oportunidades y [&hellip;]<\/p>\n","protected":false},"author":1,"featured_media":0,"parent":0,"menu_order":0,"comment_status":"closed","ping_status":"closed","template":"elementor_header_footer","meta":{"_uag_custom_page_level_css":"","site-sidebar-layout":"no-sidebar","site-content-layout":"page-builder","ast-site-content-layout":"full-width-container","site-content-style":"default","site-sidebar-style":"default","ast-global-header-display":"","ast-banner-title-visibility":"","ast-main-header-display":"","ast-hfb-above-header-display":"","ast-hfb-below-header-display":"","ast-hfb-mobile-header-display":"","site-post-title":"","ast-breadcrumbs-content":"","ast-featured-img":"disabled","footer-sml-layout":"","ast-disable-related-posts":"","theme-transparent-header-meta":"enabled","adv-header-id-meta":"","stick-header-meta":"","header-above-stick-meta":"","header-main-stick-meta":"","header-below-stick-meta":"","astra-migrate-meta-layouts":"set","ast-page-background-enabled":"default","ast-page-background-meta":{"desktop":{"background-color":"","background-image":"","background-repeat":"repeat","background-position":"center center","background-size":"auto","background-attachment":"scroll","background-type":"","background-media":"","overlay-type":"","overlay-color":"","overlay-opacity":"","overlay-gradient":""},"tablet":{"background-color":"","background-image":"","background-repeat":"repeat","background-position":"center center","background-size":"auto","background-attachment":"scroll","background-type":"","background-media":"","overlay-type":"","overlay-color":"","overlay-opacity":"","overlay-gradient":""},"mobile":{"background-color":"","background-image":"","background-repeat":"repeat","background-position":"center center","background-size":"auto","background-attachment":"scroll","background-type":"","background-media":"","overlay-type":"","overlay-color":"","overlay-opacity":"","overlay-gradient":""}},"ast-content-background-meta":{"desktop":{"background-color":"var(--ast-global-color-5)","background-image":"","background-repeat":"repeat","background-position":"center center","background-size":"auto","background-attachment":"scroll","background-type":"","background-media":"","overlay-type":"","overlay-color":"","overlay-opacity":"","overlay-gradient":""},"tablet":{"background-color":"var(--ast-global-color-5)","background-image":"","background-repeat":"repeat","background-position":"center center","background-size":"auto","background-attachment":"scroll","background-type":"","background-media":"","overlay-type":"","overlay-color":"","overlay-opacity":"","overlay-gradient":""},"mobile":{"background-color":"var(--ast-global-color-5)","background-image":"","background-repeat":"repeat","background-position":"center center","background-size":"auto","background-attachment":"scroll","background-type":"","background-media":"","overlay-type":"","overlay-color":"","overlay-opacity":"","overlay-gradient":""}},"footnotes":""},"class_list":["post-1998","page","type-page","status-publish","hentry"],"uagb_featured_image_src":{"full":false,"thumbnail":false,"medium":false,"medium_large":false,"large":false,"1536x1536":false,"2048x2048":false},"uagb_author_info":{"display_name":"admin","author_link":"https:\/\/playapalmera.do\/palmito\/author\/admin\/"},"uagb_comment_info":0,"uagb_excerpt":"Vivir en la Rep\u00fablica Dominicana \u00bfEst\u00e1s pensando en quedarte m\u00e1s tiempo que solo unas vacaciones? Descubre c\u00f3mo es la vida cotidiana, desde el costo de vida y la vivienda hasta el estilo de vida, el trabajo y las rutinas locales en la isla. Qu\u00e9 Saber Antes de Mudarte Explora las realidades pr\u00e1cticas, las oportunidades y&hellip;","_links":{"self":[{"href":"https:\/\/playapalmera.do\/palmito\/wp-json\/wp\/v2\/pages\/1998","targetHints":{"allow":["GET"]}}],"collection":[{"href":"https:\/\/playapalmera.do\/palmito\/wp-json\/wp\/v2\/pages"}],"about":[{"href":"https:\/\/playapalmera.do\/palmito\/wp-json\/wp\/v2\/types\/page"}],"author":[{"embeddable":true,"href":"https:\/\/playapalmera.do\/palmito\/wp-json\/wp\/v2\/users\/1"}],"replies":[{"embeddable":true,"href":"https:\/\/playapalmera.do\/palmito\/wp-json\/wp\/v2\/comments?post=1998"}],"version-history":[{"count":13,"href":"https:\/\/playapalmera.do\/palmito\/wp-json\/wp\/v2\/pages\/1998\/revisions"}],"predecessor-version":[{"id":2531,"href":"https:\/\/playapalmera.do\/palmito\/wp-json\/wp\/v2\/pages\/1998\/revisions\/2531"}],"wp:attachment":[{"href":"https:\/\/playapalmera.do\/palmito\/wp-json\/wp\/v2\/media?parent=1998"}],"curies":[{"name":"wp","href":"https:\/\/api.w.org\/{rel}","templated":true}]}}