{"id":1997,"date":"2026-03-02T11:34:06","date_gmt":"2026-03-02T11:34:06","guid":{"rendered":"https:\/\/dev.playapalmera.com\/palmito\/?page_id=1997"},"modified":"2026-03-13T12:02:15","modified_gmt":"2026-03-13T12:02:15","slug":"viajar-a-republica-dominicana","status":"publish","type":"page","link":"https:\/\/playapalmera.do\/palmito\/es\/viajar-a-republica-dominicana\/","title":{"rendered":"Viajar a la Rep\u00fablica Dominicana: Consejos y Gu\u00eda"},"content":{"rendered":"\t\t<div data-elementor-type=\"wp-page\" data-elementor-id=\"1997\" class=\"elementor elementor-1997\">\n\t\t\t\t<div class=\"elementor-element elementor-element-c0de87a e-flex e-con-boxed e-con e-parent\" data-id=\"c0de87a\" data-element_type=\"container\" data-e-type=\"container\" data-settings=\"{&quot;background_background&quot;:&quot;classic&quot;}\">\n\t\t\t\t\t<div class=\"e-con-inner\">\n\t\t<div class=\"elementor-element elementor-element-f13114c e-con-full e-flex e-con e-child\" data-id=\"f13114c\" data-element_type=\"container\" data-e-type=\"container\">\n\t\t\t\t<div class=\"elementor-element elementor-element-3f65142 elementor-widget elementor-widget-hfe-infocard\" data-id=\"3f65142\" data-element_type=\"widget\" data-e-type=\"widget\" data-widget_type=\"hfe-infocard.default\">\n\t\t\t\t<div class=\"elementor-widget-container\">\n\t\t\t\t\t\n\t\t<div class=\"hfe-infocard\">\n\t\t\t\t\t\t\t\t\t<div class=\"hfe-infocard-title-wrap\">\n\t\t\t\t<h1 class=\"hfe-infocard-title elementor-inline-editing\" data-elementor-setting-key=\"infocard_title\" data-elementor-inline-editing-toolbar=\"basic\" >Consejos de Viaje<\/h1>\t\t\t<\/div>\n\t\t\t\t\t\t<div class=\"hfe-infocard-text-wrap\">\n\t\t\t\t<div class=\"hfe-infocard-text elementor-inline-editing\" data-elementor-setting-key=\"infocard_description\" data-elementor-inline-editing-toolbar=\"advanced\">\n\t\t\t\t\t\u00bfEst\u00e1s planeando un viaje a la Rep\u00fablica Dominicana? Aqu\u00ed encontrar\u00e1s consejos pr\u00e1cticos, informaci\u00f3n local y datos esenciales para viajar de forma m\u00e1s inteligente, segura y con mayor confianza.\t\t\t\t<\/div>\n\t\t\t\t\t\t\t<\/div>\n\t\t<\/div>\n\n\t\t\t\t\t\t<\/div>\n\t\t\t\t<\/div>\n\t\t\t\t<\/div>\n\t\t\t\t\t<\/div>\n\t\t\t\t<\/div>\n\t\t<div class=\"elementor-element elementor-element-e886ac9 e-flex e-con-boxed e-con e-parent\" data-id=\"e886ac9\" data-element_type=\"container\" data-e-type=\"container\" data-settings=\"{&quot;background_background&quot;:&quot;classic&quot;}\">\n\t\t\t\t\t<div class=\"e-con-inner\">\n\t\t<div class=\"elementor-element elementor-element-c29486e e-con-full e-flex e-con e-child\" data-id=\"c29486e\" data-element_type=\"container\" data-e-type=\"container\">\n\t\t<div class=\"elementor-element elementor-element-769d31f e-flex e-con-boxed e-con e-child\" data-id=\"769d31f\" data-element_type=\"container\" data-e-type=\"container\">\n\t\t\t\t\t<div class=\"e-con-inner\">\n\t\t\t\t<div class=\"elementor-element elementor-element-56b02ad elementor-widget__width-initial elementor-widget-tablet__width-initial elementor-widget-mobile__width-inherit elementor-widget elementor-widget-image-box\" data-id=\"56b02ad\" data-element_type=\"widget\" data-e-type=\"widget\" data-widget_type=\"image-box.default\">\n\t\t\t\t\t<div class=\"elementor-image-box-wrapper\"><div class=\"elementor-image-box-content\"><h2 class=\"elementor-image-box-title\">Consejos Esenciales Antes de Viajar<\/h2><p class=\"elementor-image-box-description\">Descubre qu\u00e9 esperar, c\u00f3mo prepararte y c\u00f3mo aprovechar al m\u00e1ximo tu tiempo en la isla.<\/p><\/div><\/div>\t\t\t\t<\/div>\n\t\t\t\t\t<\/div>\n\t\t\t\t<\/div>\n\t\t<div class=\"elementor-element elementor-element-b4322bb e-con-full e-flex e-con e-child\" data-id=\"b4322bb\" data-element_type=\"container\" data-e-type=\"container\">\n\t\t<div class=\"elementor-element elementor-element-259ce91 e-con-full e-flex e-con e-child\" data-id=\"259ce91\" data-element_type=\"container\" data-e-type=\"container\">\n\t\t\t\t<div class=\"elementor-element elementor-element-43bdcd6 elementor-widget elementor-widget-image\" data-id=\"43bdcd6\" data-element_type=\"widget\" data-e-type=\"widget\" data-widget_type=\"image.default\">\n\t\t\t\t\t\t\t\t\t\t\t\t\t\t\t\t<a href=\"\/palmito\/es\/viajar-a-republica-dominicana\/es-segura-republica-dominicana-2026\">\n\t\t\t\t\t\t\t<img fetchpriority=\"high\" decoding=\"async\" width=\"370\" height=\"440\" src=\"https:\/\/playapalmera.do\/palmito\/wp-content\/uploads\/2026\/02\/is-dominican-republic-safe-2026-2.webp\" class=\"attachment-full size-full wp-image-1885\" alt=\"is dominican republic safe 2026 2\" srcset=\"https:\/\/playapalmera.do\/palmito\/wp-content\/uploads\/2026\/02\/is-dominican-republic-safe-2026-2.webp 370w, https:\/\/playapalmera.do\/palmito\/wp-content\/uploads\/2026\/02\/is-dominican-republic-safe-2026-2-252x300.webp 252w\" sizes=\"(max-width: 370px) 100vw, 370px\" title=\"Viajar a la Rep\u00fablica Dominicana: Consejos y Gu\u00eda\">\t\t\t\t\t\t\t\t<\/a>\n\t\t\t\t\t\t\t\t\t\t\t\t\t\t\t<\/div>\n\t\t\t\t<div class=\"elementor-element elementor-element-ca3353b elementor-widget elementor-widget-image-box\" data-id=\"ca3353b\" data-element_type=\"widget\" data-e-type=\"widget\" data-widget_type=\"image-box.default\">\n\t\t\t\t\t<div class=\"elementor-image-box-wrapper\"><div class=\"elementor-image-box-content\"><h3 class=\"elementor-image-box-title\"><a href=\"\/palmito\/es\/viajar-a-republica-dominicana\/es-segura-republica-dominicana-2026\">\u00bfEs Segura la Rep\u00fablica Dominicana para los Turistas en 2026?<\/a><\/h3><\/div><\/div>\t\t\t\t<\/div>\n\t\t\t\t<div class=\"elementor-element elementor-element-1381c91 elementor-widget elementor-widget-button\" data-id=\"1381c91\" data-element_type=\"widget\" data-e-type=\"widget\" data-widget_type=\"button.default\">\n\t\t\t\t\t\t\t\t\t\t<a class=\"elementor-button elementor-button-link elementor-size-sm\" href=\"\/palmito\/es\/viajar-a-republica-dominicana\/es-segura-republica-dominicana-2026\">\n\t\t\t\t\t\t<span class=\"elementor-button-content-wrapper\">\n\t\t\t\t\t\t\t\t\t<span class=\"elementor-button-text\">Leer m\u00e1s<\/span>\n\t\t\t\t\t<\/span>\n\t\t\t\t\t<\/a>\n\t\t\t\t\t\t\t\t<\/div>\n\t\t\t\t<\/div>\n\t\t<div class=\"elementor-element elementor-element-a48c735 e-con-full e-flex e-con e-child\" data-id=\"a48c735\" data-element_type=\"container\" data-e-type=\"container\">\n\t\t\t\t<div class=\"elementor-element elementor-element-57a6be6 elementor-widget elementor-widget-image\" data-id=\"57a6be6\" data-element_type=\"widget\" data-e-type=\"widget\" data-widget_type=\"image.default\">\n\t\t\t\t\t\t\t\t\t\t\t\t\t\t\t\t<a href=\"\/palmito\/es\/viajar-a-republica-dominicana\/es-segura-republica-dominicana-de-noche\">\n\t\t\t\t\t\t\t<img decoding=\"async\" width=\"370\" height=\"440\" src=\"https:\/\/playapalmera.do\/palmito\/wp-content\/uploads\/2026\/02\/punta-cana-night-beach2.webp\" class=\"attachment-full size-full wp-image-1869\" alt=\"punta cana night beach2\" srcset=\"https:\/\/playapalmera.do\/palmito\/wp-content\/uploads\/2026\/02\/punta-cana-night-beach2.webp 370w, https:\/\/playapalmera.do\/palmito\/wp-content\/uploads\/2026\/02\/punta-cana-night-beach2-252x300.webp 252w\" sizes=\"(max-width: 370px) 100vw, 370px\" title=\"Viajar a la Rep\u00fablica Dominicana: Consejos y Gu\u00eda\">\t\t\t\t\t\t\t\t<\/a>\n\t\t\t\t\t\t\t\t\t\t\t\t\t\t\t<\/div>\n\t\t\t\t<div class=\"elementor-element elementor-element-614d434 elementor-widget elementor-widget-image-box\" data-id=\"614d434\" data-element_type=\"widget\" data-e-type=\"widget\" data-widget_type=\"image-box.default\">\n\t\t\t\t\t<div class=\"elementor-image-box-wrapper\"><div class=\"elementor-image-box-content\"><h3 class=\"elementor-image-box-title\"><a href=\"\/palmito\/es\/viajar-a-republica-dominicana\/es-segura-republica-dominicana-de-noche\">\u00bfEs Segura la Rep\u00fablica Dominicana por la Noche?<\/a><\/h3><\/div><\/div>\t\t\t\t<\/div>\n\t\t\t\t<div class=\"elementor-element elementor-element-4f921ce elementor-widget elementor-widget-button\" data-id=\"4f921ce\" data-element_type=\"widget\" data-e-type=\"widget\" data-widget_type=\"button.default\">\n\t\t\t\t\t\t\t\t\t\t<a class=\"elementor-button elementor-button-link elementor-size-sm\" href=\"\/palmito\/es\/viajar-a-republica-dominicana\/es-segura-republica-dominicana-de-noche\">\n\t\t\t\t\t\t<span class=\"elementor-button-content-wrapper\">\n\t\t\t\t\t\t\t\t\t<span class=\"elementor-button-text\">Leer m\u00e1s<\/span>\n\t\t\t\t\t<\/span>\n\t\t\t\t\t<\/a>\n\t\t\t\t\t\t\t\t<\/div>\n\t\t\t\t<\/div>\n\t\t<div class=\"elementor-element elementor-element-e535321 e-con-full e-flex e-con e-child\" data-id=\"e535321\" data-element_type=\"container\" data-e-type=\"container\">\n\t\t\t\t<div class=\"elementor-element elementor-element-5d13be9 elementor-widget elementor-widget-image\" data-id=\"5d13be9\" data-element_type=\"widget\" data-e-type=\"widget\" data-widget_type=\"image.default\">\n\t\t\t\t\t\t\t\t\t\t\t\t\t\t\t\t<a href=\"\/palmito\/es\/viajar-a-republica-dominicana\/documentos-para-viajar-a-republica-dominicana\">\n\t\t\t\t\t\t\t<img decoding=\"async\" width=\"370\" height=\"440\" src=\"https:\/\/playapalmera.do\/palmito\/wp-content\/uploads\/2026\/02\/dominican-republic-travel-documents2.webp\" class=\"attachment-full size-full wp-image-1880\" alt=\"dominican republic travel documents2\" srcset=\"https:\/\/playapalmera.do\/palmito\/wp-content\/uploads\/2026\/02\/dominican-republic-travel-documents2.webp 370w, https:\/\/playapalmera.do\/palmito\/wp-content\/uploads\/2026\/02\/dominican-republic-travel-documents2-252x300.webp 252w\" sizes=\"(max-width: 370px) 100vw, 370px\" title=\"Viajar a la Rep\u00fablica Dominicana: Consejos y Gu\u00eda\">\t\t\t\t\t\t\t\t<\/a>\n\t\t\t\t\t\t\t\t\t\t\t\t\t\t\t<\/div>\n\t\t\t\t<div class=\"elementor-element elementor-element-94e4663 elementor-widget elementor-widget-image-box\" data-id=\"94e4663\" data-element_type=\"widget\" data-e-type=\"widget\" data-widget_type=\"image-box.default\">\n\t\t\t\t\t<div class=\"elementor-image-box-wrapper\"><div class=\"elementor-image-box-content\"><h3 class=\"elementor-image-box-title\"><a href=\"\/palmito\/es\/viajar-a-republica-dominicana\/documentos-para-viajar-a-republica-dominicana\">\u00bfQu\u00e9 Documentos Necesitas para Viajar a la Rep\u00fablica Dominicana?<\/a><\/h3><\/div><\/div>\t\t\t\t<\/div>\n\t\t\t\t<div class=\"elementor-element elementor-element-586ed7b elementor-widget elementor-widget-button\" data-id=\"586ed7b\" data-element_type=\"widget\" data-e-type=\"widget\" data-widget_type=\"button.default\">\n\t\t\t\t\t\t\t\t\t\t<a class=\"elementor-button elementor-button-link elementor-size-sm\" href=\"\/palmito\/es\/viajar-a-republica-dominicana\/documentos-para-viajar-a-republica-dominicana\">\n\t\t\t\t\t\t<span class=\"elementor-button-content-wrapper\">\n\t\t\t\t\t\t\t\t\t<span class=\"elementor-button-text\">Leer m\u00e1s<\/span>\n\t\t\t\t\t<\/span>\n\t\t\t\t\t<\/a>\n\t\t\t\t\t\t\t\t<\/div>\n\t\t\t\t<\/div>\n\t\t\t\t<\/div>\n\t\t\t\t<\/div>\n\t\t\t\t\t<\/div>\n\t\t\t\t<\/div>\n\t\t\t\t<\/div>\n\t\t","protected":false},"excerpt":{"rendered":"<p>Consejos de Viaje \u00bfEst\u00e1s planeando un viaje a la Rep\u00fablica Dominicana? Aqu\u00ed encontrar\u00e1s consejos pr\u00e1cticos, informaci\u00f3n local y datos esenciales para viajar de forma m\u00e1s inteligente, segura y con mayor confianza. Consejos Esenciales Antes de Viajar Descubre qu\u00e9 esperar, c\u00f3mo prepararte y c\u00f3mo aprovechar al m\u00e1ximo tu tiempo en la isla. \u00bfEs Segura la Rep\u00fablica [&hellip;]<\/p>\n","protected":false},"author":1,"featured_media":0,"parent":0,"menu_order":0,"comment_status":"closed","ping_status":"closed","template":"elementor_header_footer","meta":{"_uag_custom_page_level_css":"","site-sidebar-layout":"no-sidebar","site-content-layout":"page-builder","ast-site-content-layout":"full-width-container","site-content-style":"default","site-sidebar-style":"default","ast-global-header-display":"","ast-banner-title-visibility":"","ast-main-header-display":"","ast-hfb-above-header-display":"","ast-hfb-below-header-display":"","ast-hfb-mobile-header-display":"","site-post-title":"","ast-breadcrumbs-content":"","ast-featured-img":"disabled","footer-sml-layout":"","ast-disable-related-posts":"","theme-transparent-header-meta":"enabled","adv-header-id-meta":"","stick-header-meta":"","header-above-stick-meta":"","header-main-stick-meta":"","header-below-stick-meta":"","astra-migrate-meta-layouts":"set","ast-page-background-enabled":"default","ast-page-background-meta":{"desktop":{"background-color":"","background-image":"","background-repeat":"repeat","background-position":"center center","background-size":"auto","background-attachment":"scroll","background-type":"","background-media":"","overlay-type":"","overlay-color":"","overlay-opacity":"","overlay-gradient":""},"tablet":{"background-color":"","background-image":"","background-repeat":"repeat","background-position":"center center","background-size":"auto","background-attachment":"scroll","background-type":"","background-media":"","overlay-type":"","overlay-color":"","overlay-opacity":"","overlay-gradient":""},"mobile":{"background-color":"","background-image":"","background-repeat":"repeat","background-position":"center center","background-size":"auto","background-attachment":"scroll","background-type":"","background-media":"","overlay-type":"","overlay-color":"","overlay-opacity":"","overlay-gradient":""}},"ast-content-background-meta":{"desktop":{"background-color":"var(--ast-global-color-5)","background-image":"","background-repeat":"repeat","background-position":"center center","background-size":"auto","background-attachment":"scroll","background-type":"","background-media":"","overlay-type":"","overlay-color":"","overlay-opacity":"","overlay-gradient":""},"tablet":{"background-color":"var(--ast-global-color-5)","background-image":"","background-repeat":"repeat","background-position":"center center","background-size":"auto","background-attachment":"scroll","background-type":"","background-media":"","overlay-type":"","overlay-color":"","overlay-opacity":"","overlay-gradient":""},"mobile":{"background-color":"var(--ast-global-color-5)","background-image":"","background-repeat":"repeat","background-position":"center center","background-size":"auto","background-attachment":"scroll","background-type":"","background-media":"","overlay-type":"","overlay-color":"","overlay-opacity":"","overlay-gradient":""}},"footnotes":""},"class_list":["post-1997","page","type-page","status-publish","hentry"],"uagb_featured_image_src":{"full":false,"thumbnail":false,"medium":false,"medium_large":false,"large":false,"1536x1536":false,"2048x2048":false},"uagb_author_info":{"display_name":"admin","author_link":"https:\/\/playapalmera.do\/palmito\/author\/admin\/"},"uagb_comment_info":0,"uagb_excerpt":"Consejos de Viaje \u00bfEst\u00e1s planeando un viaje a la Rep\u00fablica Dominicana? Aqu\u00ed encontrar\u00e1s consejos pr\u00e1cticos, informaci\u00f3n local y datos esenciales para viajar de forma m\u00e1s inteligente, segura y con mayor confianza. Consejos Esenciales Antes de Viajar Descubre qu\u00e9 esperar, c\u00f3mo prepararte y c\u00f3mo aprovechar al m\u00e1ximo tu tiempo en la isla. \u00bfEs Segura la Rep\u00fablica&hellip;","_links":{"self":[{"href":"https:\/\/playapalmera.do\/palmito\/wp-json\/wp\/v2\/pages\/1997","targetHints":{"allow":["GET"]}}],"collection":[{"href":"https:\/\/playapalmera.do\/palmito\/wp-json\/wp\/v2\/pages"}],"about":[{"href":"https:\/\/playapalmera.do\/palmito\/wp-json\/wp\/v2\/types\/page"}],"author":[{"embeddable":true,"href":"https:\/\/playapalmera.do\/palmito\/wp-json\/wp\/v2\/users\/1"}],"replies":[{"embeddable":true,"href":"https:\/\/playapalmera.do\/palmito\/wp-json\/wp\/v2\/comments?post=1997"}],"version-history":[{"count":7,"href":"https:\/\/playapalmera.do\/palmito\/wp-json\/wp\/v2\/pages\/1997\/revisions"}],"predecessor-version":[{"id":2485,"href":"https:\/\/playapalmera.do\/palmito\/wp-json\/wp\/v2\/pages\/1997\/revisions\/2485"}],"wp:attachment":[{"href":"https:\/\/playapalmera.do\/palmito\/wp-json\/wp\/v2\/media?parent=1997"}],"curies":[{"name":"wp","href":"https:\/\/api.w.org\/{rel}","templated":true}]}}