{"id":1996,"date":"2026-03-02T11:30:15","date_gmt":"2026-03-02T11:30:15","guid":{"rendered":"https:\/\/dev.playapalmera.com\/palmito\/?page_id=1996"},"modified":"2026-03-13T12:30:33","modified_gmt":"2026-03-13T12:30:33","slug":"cultura-republica-dominicana","status":"publish","type":"page","link":"https:\/\/playapalmera.do\/palmito\/es\/cultura-republica-dominicana\/","title":{"rendered":"Cultura y Estilo de Vida en Rep\u00fablica Dominicana"},"content":{"rendered":"\t\t<div data-elementor-type=\"wp-page\" data-elementor-id=\"1996\" class=\"elementor elementor-1996\">\n\t\t\t\t<div class=\"elementor-element elementor-element-8227fe2 e-flex e-con-boxed e-con e-parent\" data-id=\"8227fe2\" data-element_type=\"container\" data-e-type=\"container\" data-settings=\"{&quot;background_background&quot;:&quot;classic&quot;}\">\n\t\t\t\t\t<div class=\"e-con-inner\">\n\t\t<div class=\"elementor-element elementor-element-e9434c6 e-con-full e-flex e-con e-child\" data-id=\"e9434c6\" data-element_type=\"container\" data-e-type=\"container\">\n\t\t\t\t<div class=\"elementor-element elementor-element-efd3271 elementor-widget elementor-widget-hfe-infocard\" data-id=\"efd3271\" data-element_type=\"widget\" data-e-type=\"widget\" data-widget_type=\"hfe-infocard.default\">\n\t\t\t\t<div class=\"elementor-widget-container\">\n\t\t\t\t\t\n\t\t<div class=\"hfe-infocard\">\n\t\t\t\t\t\t\t\t\t<div class=\"hfe-infocard-title-wrap\">\n\t\t\t\t<h1 class=\"hfe-infocard-title elementor-inline-editing\" data-elementor-setting-key=\"infocard_title\" data-elementor-inline-editing-toolbar=\"basic\" >Cultura y Estilo de Vida<\/h1>\t\t\t<\/div>\n\t\t\t\t\t\t<div class=\"hfe-infocard-text-wrap\">\n\t\t\t\t<div class=\"hfe-infocard-text elementor-inline-editing\" data-elementor-setting-key=\"infocard_description\" data-elementor-inline-editing-toolbar=\"advanced\">\n\t\t\t\t\tmomentos cotidianos que reflejan su mezcla \u00fanica de esp\u00edritu caribe\u00f1o, herencia espa\u00f1ola y ra\u00edces africanas. Desde la m\u00fasica y los festivales hasta la vida familiar y las costumbres locales, la cultura dominicana es vibrante, expresiva y profundamente conectada con la comunidad.\t\t\t\t<\/div>\n\t\t\t\t\t\t\t<\/div>\n\t\t<\/div>\n\n\t\t\t\t\t\t<\/div>\n\t\t\t\t<\/div>\n\t\t\t\t<\/div>\n\t\t\t\t\t<\/div>\n\t\t\t\t<\/div>\n\t\t<div class=\"elementor-element elementor-element-3191469 e-flex e-con-boxed e-con e-parent\" data-id=\"3191469\" data-element_type=\"container\" data-e-type=\"container\" data-settings=\"{&quot;background_background&quot;:&quot;classic&quot;}\">\n\t\t\t\t\t<div class=\"e-con-inner\">\n\t\t<div class=\"elementor-element elementor-element-21920a2 e-con-full e-flex e-con e-child\" data-id=\"21920a2\" data-element_type=\"container\" data-e-type=\"container\">\n\t\t<div class=\"elementor-element elementor-element-faa1dbe e-flex e-con-boxed e-con e-child\" data-id=\"faa1dbe\" data-element_type=\"container\" data-e-type=\"container\">\n\t\t\t\t\t<div class=\"e-con-inner\">\n\t\t\t\t<div class=\"elementor-element elementor-element-d7a145f elementor-widget__width-initial elementor-widget-tablet__width-initial elementor-widget-mobile__width-inherit elementor-widget elementor-widget-image-box\" data-id=\"d7a145f\" data-element_type=\"widget\" data-e-type=\"widget\" data-widget_type=\"image-box.default\">\n\t\t\t\t\t<div class=\"elementor-image-box-wrapper\"><div class=\"elementor-image-box-content\"><h2 class=\"elementor-image-box-title\">Explora la Cultura Dominicana<\/h2><p class=\"elementor-image-box-description\">Sum\u00e9rgete en las tradiciones, la m\u00fasica, la vida diaria y las costumbres \u00fanicas que forman el estilo de vida dominicano.<\/p><\/div><\/div>\t\t\t\t<\/div>\n\t\t\t\t\t<\/div>\n\t\t\t\t<\/div>\n\t\t<div class=\"elementor-element elementor-element-08a3fda e-con-full e-flex e-con e-child\" data-id=\"08a3fda\" data-element_type=\"container\" data-e-type=\"container\">\n\t\t<div class=\"elementor-element elementor-element-179cc9f e-con-full e-flex e-con e-child\" data-id=\"179cc9f\" data-element_type=\"container\" data-e-type=\"container\">\n\t\t\t\t<div class=\"elementor-element elementor-element-a2a2f90 elementor-widget elementor-widget-image\" data-id=\"a2a2f90\" data-element_type=\"widget\" data-e-type=\"widget\" data-widget_type=\"image.default\">\n\t\t\t\t\t\t\t\t\t\t\t\t\t\t\t\t<a href=\"\/palmito\/es\/cultura-republica-dominicana\/significado-colores-bandera-republica-dominicana\/\">\n\t\t\t\t\t\t\t<img fetchpriority=\"high\" decoding=\"async\" width=\"564\" height=\"450\" src=\"https:\/\/playapalmera.do\/palmito\/wp-content\/uploads\/2026\/02\/dominican-republic-flag-colors-meaning.webp\" class=\"attachment-full size-full wp-image-1537\" alt=\"dominican republic flag colors meaning\" srcset=\"https:\/\/playapalmera.do\/palmito\/wp-content\/uploads\/2026\/02\/dominican-republic-flag-colors-meaning.webp 564w, https:\/\/playapalmera.do\/palmito\/wp-content\/uploads\/2026\/02\/dominican-republic-flag-colors-meaning-300x239.webp 300w\" sizes=\"(max-width: 564px) 100vw, 564px\" title=\"Cultura y Estilo de Vida en Rep\u00fablica Dominicana\">\t\t\t\t\t\t\t\t<\/a>\n\t\t\t\t\t\t\t\t\t\t\t\t\t\t\t<\/div>\n\t\t\t\t<div class=\"elementor-element elementor-element-d867386 elementor-widget elementor-widget-image-box\" data-id=\"d867386\" data-element_type=\"widget\" data-e-type=\"widget\" data-widget_type=\"image-box.default\">\n\t\t\t\t\t<div class=\"elementor-image-box-wrapper\"><div class=\"elementor-image-box-content\"><h3 class=\"elementor-image-box-title\"><a href=\"\/palmito\/es\/cultura-republica-dominicana\/significado-colores-bandera-republica-dominicana\/\">Bandera Dominicana<\/a><\/h3><p class=\"elementor-image-box-description\">Descubre el significado detr\u00e1s de los colores y s\u00edmbolos de la bandera nacional de la Rep\u00fablica Dominicana.<\/p><\/div><\/div>\t\t\t\t<\/div>\n\t\t\t\t<div class=\"elementor-element elementor-element-7c200a7 elementor-widget elementor-widget-button\" data-id=\"7c200a7\" data-element_type=\"widget\" data-e-type=\"widget\" data-widget_type=\"button.default\">\n\t\t\t\t\t\t\t\t\t\t<a class=\"elementor-button elementor-button-link elementor-size-sm\" href=\"\/palmito\/es\/cultura-republica-dominicana\/significado-colores-bandera-republica-dominicana\/\">\n\t\t\t\t\t\t<span class=\"elementor-button-content-wrapper\">\n\t\t\t\t\t\t\t\t\t<span class=\"elementor-button-text\">Leer m\u00e1s<\/span>\n\t\t\t\t\t<\/span>\n\t\t\t\t\t<\/a>\n\t\t\t\t\t\t\t\t<\/div>\n\t\t\t\t<\/div>\n\t\t<div class=\"elementor-element elementor-element-991e4be e-con-full e-flex e-con e-child\" data-id=\"991e4be\" data-element_type=\"container\" data-e-type=\"container\">\n\t\t\t\t<div class=\"elementor-element elementor-element-2629041 elementor-widget elementor-widget-image\" data-id=\"2629041\" data-element_type=\"widget\" data-e-type=\"widget\" data-widget_type=\"image.default\">\n\t\t\t\t\t\t\t\t\t\t\t\t\t\t\t\t<a href=\"\/palmito\/es\/cultura-republica-dominicana\/que-es-larimar-republica-dominicana\/\">\n\t\t\t\t\t\t\t<img decoding=\"async\" width=\"564\" height=\"450\" src=\"https:\/\/playapalmera.do\/palmito\/wp-content\/uploads\/2026\/02\/larimar-stone-dominican-republic.webp\" class=\"attachment-full size-full wp-image-1565\" alt=\"larimar stone dominican republic\" srcset=\"https:\/\/playapalmera.do\/palmito\/wp-content\/uploads\/2026\/02\/larimar-stone-dominican-republic.webp 564w, https:\/\/playapalmera.do\/palmito\/wp-content\/uploads\/2026\/02\/larimar-stone-dominican-republic-300x239.webp 300w\" sizes=\"(max-width: 564px) 100vw, 564px\" title=\"Cultura y Estilo de Vida en Rep\u00fablica Dominicana\">\t\t\t\t\t\t\t\t<\/a>\n\t\t\t\t\t\t\t\t\t\t\t\t\t\t\t<\/div>\n\t\t\t\t<div class=\"elementor-element elementor-element-05bb34b elementor-widget elementor-widget-image-box\" data-id=\"05bb34b\" data-element_type=\"widget\" data-e-type=\"widget\" data-widget_type=\"image-box.default\">\n\t\t\t\t\t<div class=\"elementor-image-box-wrapper\"><div class=\"elementor-image-box-content\"><h3 class=\"elementor-image-box-title\"><a href=\"\/palmito\/es\/cultura-republica-dominicana\/que-es-larimar-republica-dominicana\/\">Piedra Larimar<\/a><\/h3><p class=\"elementor-image-box-description\">Conoce la historia de la rara piedra azul que solo se encuentra en la Rep\u00fablica Dominicana.<\/p><\/div><\/div>\t\t\t\t<\/div>\n\t\t\t\t<div class=\"elementor-element elementor-element-56bfcd3 elementor-widget elementor-widget-button\" data-id=\"56bfcd3\" data-element_type=\"widget\" data-e-type=\"widget\" data-widget_type=\"button.default\">\n\t\t\t\t\t\t\t\t\t\t<a class=\"elementor-button elementor-button-link elementor-size-sm\" href=\"\/palmito\/es\/cultura-republica-dominicana\/que-es-larimar-republica-dominicana\/\">\n\t\t\t\t\t\t<span class=\"elementor-button-content-wrapper\">\n\t\t\t\t\t\t\t\t\t<span class=\"elementor-button-text\">Leer m\u00e1s<\/span>\n\t\t\t\t\t<\/span>\n\t\t\t\t\t<\/a>\n\t\t\t\t\t\t\t\t<\/div>\n\t\t\t\t<\/div>\n\t\t\t\t<\/div>\n\t\t<div class=\"elementor-element elementor-element-c1974c4 e-con-full e-flex e-con e-child\" data-id=\"c1974c4\" data-element_type=\"container\" data-e-type=\"container\">\n\t\t<div class=\"elementor-element elementor-element-61b60a9 e-con-full e-flex e-con e-child\" data-id=\"61b60a9\" data-element_type=\"container\" data-e-type=\"container\">\n\t\t\t\t<div class=\"elementor-element elementor-element-dcf72f9 elementor-widget elementor-widget-image\" data-id=\"dcf72f9\" data-element_type=\"widget\" data-e-type=\"widget\" data-widget_type=\"image.default\">\n\t\t\t\t\t\t\t\t\t\t\t\t\t\t\t\t<a href=\"\/palmito\/es\/cultura-republica-dominicana\/vida-diaria-en-republica-dominicana\/\">\n\t\t\t\t\t\t\t<img decoding=\"async\" width=\"564\" height=\"450\" src=\"https:\/\/playapalmera.do\/palmito\/wp-content\/uploads\/2026\/02\/dominican-daily-life-neighborhood.webp\" class=\"attachment-full size-full wp-image-1609\" alt=\"dominican daily life neighborhood\" srcset=\"https:\/\/playapalmera.do\/palmito\/wp-content\/uploads\/2026\/02\/dominican-daily-life-neighborhood.webp 564w, https:\/\/playapalmera.do\/palmito\/wp-content\/uploads\/2026\/02\/dominican-daily-life-neighborhood-300x239.webp 300w\" sizes=\"(max-width: 564px) 100vw, 564px\" title=\"Cultura y Estilo de Vida en Rep\u00fablica Dominicana\">\t\t\t\t\t\t\t\t<\/a>\n\t\t\t\t\t\t\t\t\t\t\t\t\t\t\t<\/div>\n\t\t\t\t<div class=\"elementor-element elementor-element-e0ad3ed elementor-widget elementor-widget-image-box\" data-id=\"e0ad3ed\" data-element_type=\"widget\" data-e-type=\"widget\" data-widget_type=\"image-box.default\">\n\t\t\t\t\t<div class=\"elementor-image-box-wrapper\"><div class=\"elementor-image-box-content\"><h3 class=\"elementor-image-box-title\"><a href=\"\/palmito\/es\/cultura-republica-dominicana\/vida-diaria-en-republica-dominicana\/\">La Vida Diaria en la Rep\u00fablica Dominicana<\/a><\/h3><p class=\"elementor-image-box-description\">Mira c\u00f3mo es la vida cotidiana m\u00e1s all\u00e1 de las playas y los resorts tur\u00edsticos.<\/p><\/div><\/div>\t\t\t\t<\/div>\n\t\t\t\t<div class=\"elementor-element elementor-element-4476af8 elementor-widget elementor-widget-button\" data-id=\"4476af8\" data-element_type=\"widget\" data-e-type=\"widget\" data-widget_type=\"button.default\">\n\t\t\t\t\t\t\t\t\t\t<a class=\"elementor-button elementor-button-link elementor-size-sm\" href=\"\/palmito\/es\/cultura-republica-dominicana\/vida-diaria-en-republica-dominicana\/\">\n\t\t\t\t\t\t<span class=\"elementor-button-content-wrapper\">\n\t\t\t\t\t\t\t\t\t<span class=\"elementor-button-text\">Leer m\u00e1s<\/span>\n\t\t\t\t\t<\/span>\n\t\t\t\t\t<\/a>\n\t\t\t\t\t\t\t\t<\/div>\n\t\t\t\t<\/div>\n\t\t<div class=\"elementor-element elementor-element-e565e2f e-con-full e-flex e-con e-child\" data-id=\"e565e2f\" data-element_type=\"container\" data-e-type=\"container\">\n\t\t\t\t<div class=\"elementor-element elementor-element-43934f4 elementor-widget elementor-widget-image\" data-id=\"43934f4\" data-element_type=\"widget\" data-e-type=\"widget\" data-widget_type=\"image.default\">\n\t\t\t\t\t\t\t\t\t\t\t\t\t\t\t\t<a href=\"\/palmito\/es\/cultura-republica-dominicana\/cultura-callejera-republica-dominicana\/\">\n\t\t\t\t\t\t\t<img loading=\"lazy\" decoding=\"async\" width=\"564\" height=\"450\" src=\"https:\/\/playapalmera.do\/palmito\/wp-content\/uploads\/2026\/02\/dominican-street-culture.webp\" class=\"attachment-full size-full wp-image-1616\" alt=\"dominican street culture\" srcset=\"https:\/\/playapalmera.do\/palmito\/wp-content\/uploads\/2026\/02\/dominican-street-culture.webp 564w, https:\/\/playapalmera.do\/palmito\/wp-content\/uploads\/2026\/02\/dominican-street-culture-300x239.webp 300w\" sizes=\"(max-width: 564px) 100vw, 564px\" title=\"Cultura y Estilo de Vida en Rep\u00fablica Dominicana\">\t\t\t\t\t\t\t\t<\/a>\n\t\t\t\t\t\t\t\t\t\t\t\t\t\t\t<\/div>\n\t\t\t\t<div class=\"elementor-element elementor-element-4eca771 elementor-widget elementor-widget-image-box\" data-id=\"4eca771\" data-element_type=\"widget\" data-e-type=\"widget\" data-widget_type=\"image-box.default\">\n\t\t\t\t\t<div class=\"elementor-image-box-wrapper\"><div class=\"elementor-image-box-content\"><h3 class=\"elementor-image-box-title\"><a href=\"\/palmito\/es\/cultura-republica-dominicana\/cultura-callejera-republica-dominicana\/\">Cultura Callejera Dominicana<\/a><\/h3><p class=\"elementor-image-box-description\">Explora la energ\u00eda vibrante de las calles dominicanas, la m\u00fasica y las interacciones locales.<\/p><\/div><\/div>\t\t\t\t<\/div>\n\t\t\t\t<div class=\"elementor-element elementor-element-d556617 elementor-widget elementor-widget-button\" data-id=\"d556617\" data-element_type=\"widget\" data-e-type=\"widget\" data-widget_type=\"button.default\">\n\t\t\t\t\t\t\t\t\t\t<a class=\"elementor-button elementor-button-link elementor-size-sm\" href=\"\/palmito\/es\/cultura-republica-dominicana\/cultura-callejera-republica-dominicana\/\">\n\t\t\t\t\t\t<span class=\"elementor-button-content-wrapper\">\n\t\t\t\t\t\t\t\t\t<span class=\"elementor-button-text\">Leer m\u00e1s<\/span>\n\t\t\t\t\t<\/span>\n\t\t\t\t\t<\/a>\n\t\t\t\t\t\t\t\t<\/div>\n\t\t\t\t<\/div>\n\t\t\t\t<\/div>\n\t\t<div class=\"elementor-element elementor-element-49bb73f e-con-full e-flex e-con e-child\" data-id=\"49bb73f\" data-element_type=\"container\" data-e-type=\"container\">\n\t\t<div class=\"elementor-element elementor-element-10c9a15 e-con-full e-flex e-con e-child\" data-id=\"10c9a15\" data-element_type=\"container\" data-e-type=\"container\">\n\t\t\t\t<div class=\"elementor-element elementor-element-475ead0 elementor-widget elementor-widget-image\" data-id=\"475ead0\" data-element_type=\"widget\" data-e-type=\"widget\" data-widget_type=\"image.default\">\n\t\t\t\t\t\t\t\t\t\t\t\t\t\t\t\t<a href=\"\/palmito\/es\/cultura-republica-dominicana\/por-que-dominicanos-son-expresivos\/\">\n\t\t\t\t\t\t\t<img loading=\"lazy\" decoding=\"async\" width=\"564\" height=\"450\" src=\"https:\/\/playapalmera.do\/palmito\/wp-content\/uploads\/2026\/02\/expressive-dominican-conversation.webp\" class=\"attachment-full size-full wp-image-1622\" alt=\"expressive dominican conversation\" srcset=\"https:\/\/playapalmera.do\/palmito\/wp-content\/uploads\/2026\/02\/expressive-dominican-conversation.webp 564w, https:\/\/playapalmera.do\/palmito\/wp-content\/uploads\/2026\/02\/expressive-dominican-conversation-300x239.webp 300w\" sizes=\"(max-width: 564px) 100vw, 564px\" title=\"Cultura y Estilo de Vida en Rep\u00fablica Dominicana\">\t\t\t\t\t\t\t\t<\/a>\n\t\t\t\t\t\t\t\t\t\t\t\t\t\t\t<\/div>\n\t\t\t\t<div class=\"elementor-element elementor-element-ab1d40e elementor-widget elementor-widget-image-box\" data-id=\"ab1d40e\" data-element_type=\"widget\" data-e-type=\"widget\" data-widget_type=\"image-box.default\">\n\t\t\t\t\t<div class=\"elementor-image-box-wrapper\"><div class=\"elementor-image-box-content\"><h3 class=\"elementor-image-box-title\"><a href=\"\/palmito\/es\/cultura-republica-dominicana\/por-que-dominicanos-son-expresivos\/\">\u00bfPor Qu\u00e9 los Dominicanos Son Tan Expresivos?<\/a><\/h3><p class=\"elementor-image-box-description\">Descubre qu\u00e9 hace que el pueblo dominicano sea tan apasionado, abierto y lleno de emoci\u00f3n.<\/p><\/div><\/div>\t\t\t\t<\/div>\n\t\t\t\t<div class=\"elementor-element elementor-element-25bd138 elementor-widget elementor-widget-button\" data-id=\"25bd138\" data-element_type=\"widget\" data-e-type=\"widget\" data-widget_type=\"button.default\">\n\t\t\t\t\t\t\t\t\t\t<a class=\"elementor-button elementor-button-link elementor-size-sm\" href=\"\/palmito\/es\/cultura-republica-dominicana\/por-que-dominicanos-son-expresivos\/\">\n\t\t\t\t\t\t<span class=\"elementor-button-content-wrapper\">\n\t\t\t\t\t\t\t\t\t<span class=\"elementor-button-text\">Leer m\u00e1s<\/span>\n\t\t\t\t\t<\/span>\n\t\t\t\t\t<\/a>\n\t\t\t\t\t\t\t\t<\/div>\n\t\t\t\t<\/div>\n\t\t<div class=\"elementor-element elementor-element-12efdb4 e-con-full e-flex e-con e-child\" data-id=\"12efdb4\" data-element_type=\"container\" data-e-type=\"container\">\n\t\t\t\t<div class=\"elementor-element elementor-element-b21dfc8 elementor-widget elementor-widget-image\" data-id=\"b21dfc8\" data-element_type=\"widget\" data-e-type=\"widget\" data-widget_type=\"image.default\">\n\t\t\t\t\t\t\t\t\t\t\t\t\t\t\t\t<a href=\"\/palmito\/es\/cultura-republica-dominicana\/comunidad-y-familia-en-republica-dominicana\/\">\n\t\t\t\t\t\t\t<img loading=\"lazy\" decoding=\"async\" width=\"564\" height=\"450\" src=\"https:\/\/playapalmera.do\/palmito\/wp-content\/uploads\/2026\/02\/dominican-family-gathering.webp\" class=\"attachment-full size-full wp-image-1627\" alt=\"dominican family gathering\" srcset=\"https:\/\/playapalmera.do\/palmito\/wp-content\/uploads\/2026\/02\/dominican-family-gathering.webp 564w, https:\/\/playapalmera.do\/palmito\/wp-content\/uploads\/2026\/02\/dominican-family-gathering-300x239.webp 300w\" sizes=\"(max-width: 564px) 100vw, 564px\" title=\"Cultura y Estilo de Vida en Rep\u00fablica Dominicana\">\t\t\t\t\t\t\t\t<\/a>\n\t\t\t\t\t\t\t\t\t\t\t\t\t\t\t<\/div>\n\t\t\t\t<div class=\"elementor-element elementor-element-9164cfe elementor-widget elementor-widget-image-box\" data-id=\"9164cfe\" data-element_type=\"widget\" data-e-type=\"widget\" data-widget_type=\"image-box.default\">\n\t\t\t\t\t<div class=\"elementor-image-box-wrapper\"><div class=\"elementor-image-box-content\"><h3 class=\"elementor-image-box-title\"><a href=\"\/palmito\/es\/cultura-republica-dominicana\/comunidad-y-familia-en-republica-dominicana\/\">Comunidad y Familia en la Rep\u00fablica Dominicana<\/a><\/h3><p class=\"elementor-image-box-description\">Comprende los fuertes lazos familiares y los valores comunitarios que dan forma a la sociedad dominicana.<\/p><\/div><\/div>\t\t\t\t<\/div>\n\t\t\t\t<div class=\"elementor-element elementor-element-2118018 elementor-widget elementor-widget-button\" data-id=\"2118018\" data-element_type=\"widget\" data-e-type=\"widget\" data-widget_type=\"button.default\">\n\t\t\t\t\t\t\t\t\t\t<a class=\"elementor-button elementor-button-link elementor-size-sm\" href=\"\/palmito\/es\/cultura-republica-dominicana\/comunidad-y-familia-en-republica-dominicana\/\">\n\t\t\t\t\t\t<span class=\"elementor-button-content-wrapper\">\n\t\t\t\t\t\t\t\t\t<span class=\"elementor-button-text\">Leer m\u00e1s<\/span>\n\t\t\t\t\t<\/span>\n\t\t\t\t\t<\/a>\n\t\t\t\t\t\t\t\t<\/div>\n\t\t\t\t<\/div>\n\t\t\t\t<\/div>\n\t\t\t\t<\/div>\n\t\t\t\t\t<\/div>\n\t\t\t\t<\/div>\n\t\t\t\t<\/div>\n\t\t","protected":false},"excerpt":{"rendered":"<p>Cultura y Estilo de Vida momentos cotidianos que reflejan su mezcla \u00fanica de esp\u00edritu caribe\u00f1o, herencia espa\u00f1ola y ra\u00edces africanas. Desde la m\u00fasica y los festivales hasta la vida familiar y las costumbres locales, la cultura dominicana es vibrante, expresiva y profundamente conectada con la comunidad. Explora la Cultura Dominicana Sum\u00e9rgete en las tradiciones, la [&hellip;]<\/p>\n","protected":false},"author":1,"featured_media":0,"parent":0,"menu_order":0,"comment_status":"closed","ping_status":"closed","template":"elementor_header_footer","meta":{"_uag_custom_page_level_css":"","site-sidebar-layout":"no-sidebar","site-content-layout":"page-builder","ast-site-content-layout":"full-width-container","site-content-style":"unboxed","site-sidebar-style":"unboxed","ast-global-header-display":"","ast-banner-title-visibility":"","ast-main-header-display":"","ast-hfb-above-header-display":"","ast-hfb-below-header-display":"","ast-hfb-mobile-header-display":"","site-post-title":"","ast-breadcrumbs-content":"","ast-featured-img":"disabled","footer-sml-layout":"","ast-disable-related-posts":"","theme-transparent-header-meta":"enabled","adv-header-id-meta":"","stick-header-meta":"","header-above-stick-meta":"","header-main-stick-meta":"","header-below-stick-meta":"","astra-migrate-meta-layouts":"set","ast-page-background-enabled":"default","ast-page-background-meta":{"desktop":{"background-color":"","background-image":"","background-repeat":"repeat","background-position":"center center","background-size":"auto","background-attachment":"scroll","background-type":"","background-media":"","overlay-type":"","overlay-color":"","overlay-opacity":"","overlay-gradient":""},"tablet":{"background-color":"","background-image":"","background-repeat":"repeat","background-position":"center center","background-size":"auto","background-attachment":"scroll","background-type":"","background-media":"","overlay-type":"","overlay-color":"","overlay-opacity":"","overlay-gradient":""},"mobile":{"background-color":"","background-image":"","background-repeat":"repeat","background-position":"center center","background-size":"auto","background-attachment":"scroll","background-type":"","background-media":"","overlay-type":"","overlay-color":"","overlay-opacity":"","overlay-gradient":""}},"ast-content-background-meta":{"desktop":{"background-color":"var(--ast-global-color-5)","background-image":"","background-repeat":"repeat","background-position":"center center","background-size":"auto","background-attachment":"scroll","background-type":"","background-media":"","overlay-type":"","overlay-color":"","overlay-opacity":"","overlay-gradient":""},"tablet":{"background-color":"var(--ast-global-color-5)","background-image":"","background-repeat":"repeat","background-position":"center center","background-size":"auto","background-attachment":"scroll","background-type":"","background-media":"","overlay-type":"","overlay-color":"","overlay-opacity":"","overlay-gradient":""},"mobile":{"background-color":"var(--ast-global-color-5)","background-image":"","background-repeat":"repeat","background-position":"center center","background-size":"auto","background-attachment":"scroll","background-type":"","background-media":"","overlay-type":"","overlay-color":"","overlay-opacity":"","overlay-gradient":""}},"footnotes":""},"class_list":["post-1996","page","type-page","status-publish","hentry"],"uagb_featured_image_src":{"full":false,"thumbnail":false,"medium":false,"medium_large":false,"large":false,"1536x1536":false,"2048x2048":false},"uagb_author_info":{"display_name":"admin","author_link":"https:\/\/playapalmera.do\/palmito\/author\/admin\/"},"uagb_comment_info":0,"uagb_excerpt":"Cultura y Estilo de Vida momentos cotidianos que reflejan su mezcla \u00fanica de esp\u00edritu caribe\u00f1o, herencia espa\u00f1ola y ra\u00edces africanas. Desde la m\u00fasica y los festivales hasta la vida familiar y las costumbres locales, la cultura dominicana es vibrante, expresiva y profundamente conectada con la comunidad. Explora la Cultura Dominicana Sum\u00e9rgete en las tradiciones, la&hellip;","_links":{"self":[{"href":"https:\/\/playapalmera.do\/palmito\/wp-json\/wp\/v2\/pages\/1996","targetHints":{"allow":["GET"]}}],"collection":[{"href":"https:\/\/playapalmera.do\/palmito\/wp-json\/wp\/v2\/pages"}],"about":[{"href":"https:\/\/playapalmera.do\/palmito\/wp-json\/wp\/v2\/types\/page"}],"author":[{"embeddable":true,"href":"https:\/\/playapalmera.do\/palmito\/wp-json\/wp\/v2\/users\/1"}],"replies":[{"embeddable":true,"href":"https:\/\/playapalmera.do\/palmito\/wp-json\/wp\/v2\/comments?post=1996"}],"version-history":[{"count":7,"href":"https:\/\/playapalmera.do\/palmito\/wp-json\/wp\/v2\/pages\/1996\/revisions"}],"predecessor-version":[{"id":2498,"href":"https:\/\/playapalmera.do\/palmito\/wp-json\/wp\/v2\/pages\/1996\/revisions\/2498"}],"wp:attachment":[{"href":"https:\/\/playapalmera.do\/palmito\/wp-json\/wp\/v2\/media?parent=1996"}],"curies":[{"name":"wp","href":"https:\/\/api.w.org\/{rel}","templated":true}]}}